{"id":1268,"date":"2017-09-25T22:42:39","date_gmt":"2017-09-25T22:42:39","guid":{"rendered":"http:\/\/fsc.kam-it.pl\/?page_id=1268"},"modified":"2018-02-04T21:00:58","modified_gmt":"2018-02-04T21:00:58","slug":"podstawowe-produkty","status":"publish","type":"page","link":"http:\/\/forestsystemyuszczelnien.pl\/en\/podstawowe-produkty\/","title":{"rendered":"Basic products:"},"content":{"rendered":"<p><Ul><\/p>\n<li> EPDM aprons (watertight and steam permeable) for aluminum and PVC joinery, <\/ li>\n<li> extruded seals of solid rubber, porous and silicone for building and other industries, <\/ li>\n<li> rubber, silicone and plastic seals with laser cutting, <\/ li>\n<li> EPDM seals with a butyl layer. <\/ li><br \/>\n<\/ Ul><\/p>\n<article style = \"display: none;\">\n<h2> Basic products <\/ h2><\/p>\n<p> Basic products <\/ p><\/p>\n<p> Below you can see our basic products. We invite you to familiarize yourself with the offer. We invite you to familiarize yourself with the offer. We invite you to familiarize yourself with the offer. We invite you to familiarize yourself with the offer. We invite you to familiarize yourself with the offer. We invite you to familiarize yourself with the offer. We invite you to familiarize yourself with the offer. We invite you to familiarize yourself with the offer. We invite you to familiarize yourself with the offer. We invite you to familiarize yourself with the offer. We invite you to familiarize yourself with the offer. We invite you to familiarize yourself with the offer. We invite you to familiarize yourself with the offer. We invite you to familiarize yourself with the offer. We invite you to familiarize yourself with the offer. We invite you to familiarize yourself with the offer. We invite you to familiarize yourself with the offer. We invite you to familiarize yourself with the offer. We invite you to familiarize yourself with the offer. <\/ p> <\/p>\n<p> Below you can see our basic products. We invite you to familiarize yourself with the offer. We invite you to familiarize yourself with the offer. We invite you to familiarize yourself with the offer. We invite you to familiarize yourself with the offer. We invite you to familiarize yourself with the offer. We invite you to familiarize yourself with the offer. We invite you to familiarize yourself with the offer. We invite you to familiarize yourself with the offer. We invite you to familiarize yourself with the offer. We invite you to familiarize yourself with the offer. We invite you to familiarize yourself with the offer. We invite you to familiarize yourself with the offer. We invite you to familiarize yourself with the offer. We invite you to familiarize yourself with the offer. We invite you to familiarize yourself with the offer. We invite you to familiarize yourself with the offer. We invite you to familiarize yourself with the offer. We invite you to familiarize yourself with the offer. We invite you to familiarize yourself with the offer. <\/ P><\/p>\n<h2> Basic products <\/ h2><\/p>\n<p> Basic products <\/ p><\/p>\n<p> Below you can see our basic products. We invite you to familiarize yourself with the offer. We invite you to familiarize yourself with the offer. We invite you to familiarize yourself with the offer. We invite you to familiarize yourself with the offer. We invite you to familiarize yourself with the offer. We invite you to familiarize yourself with the offer. We invite you to familiarize yourself with the offer. We invite you to familiarize yourself with the offer. We invite you to familiarize yourself with the offer. We invite you to familiarize yourself with the offer. We invite you to familiarize yourself with the offer. We invite you to familiarize yourself with the offer. We invite you to familiarize yourself with the offer. We invite you to familiarize yourself with the offer. We invite you to familiarize yourself with the offer. We invite you to familiarize yourself with the offer. We invite you to familiarize yourself with the offer. We invite you to familiarize yourself with the offer. We invite you to familiarize yourself with the offer. <\/ p> <\/p>\n<p> Below you can see our basic products. We invite you to familiarize yourself with the offer. We invite you to familiarize yourself with the offer. We invite you to familiarize yourself with the offer. We invite you to familiarize yourself with the offer. We invite you to familiarize yourself with the offer. We invite you to familiarize yourself with the offer. We invite you to familiarize yourself with the offer. We invite you to familiarize yourself with the offer. We invite you to familiarize yourself with the offer. We invite you to familiarize yourself with the offer. We invite you to familiarize yourself with the offer. We invite you to familiarize yourself with the offer. We invite you to familiarize yourself with the offer. We invite you to familiarize yourself with the offer. We invite you to familiarize yourself with the offer. We invite you to familiarize yourself with the offer. We invite you to familiarize yourself with the offer. We invite you to familiarize yourself with the offer. We invite you to familiarize yourself with the offer. <\/ P><br \/>\n<\/ Article><\/p>","protected":false},"excerpt":{"rendered":"<p>EPDM aprons (watertight and steam permeable) for aluminum and PVC joinery, extruded seals of solid rubber, porous and silicone for building and other industries, rubber, silicone and plastic seals with &#8230;<\/p>\n","protected":false},"author":3,"featured_media":0,"parent":0,"menu_order":0,"comment_status":"closed","ping_status":"closed","template":"","meta":{"footnotes":""},"class_list":["post-1268","page","type-page","status-publish","hentry"],"yoast_head":"<!-- This site is optimized with the Yoast SEO plugin v27.3 - https:\/\/yoast.com\/product\/yoast-seo-wordpress\/ -->\n<title>Podstawowe produkty naszej oferty sprzeda\u017cowej - Forest systemy uszczelnie\u0144 sp. z o.o.<\/title>\n<meta name=\"description\" content=\"Nasze podstawowe produkty to mi\u0119dzy innymi fartuchy EPDM, uszczelki wyt\u0142aczane z gumy pe\u0142nej, uszczelki silikonowe oraz tworzywowe wycinane laserowo.\" \/>\n<meta name=\"robots\" content=\"index, follow, max-snippet:-1, max-image-preview:large, max-video-preview:-1\" \/>\n<link rel=\"canonical\" href=\"http:\/\/forestsystemyuszczelnien.pl\/en\/podstawowe-produkty\/\" \/>\n<meta property=\"og:locale\" content=\"en_US\" \/>\n<meta property=\"og:type\" content=\"article\" \/>\n<meta property=\"og:title\" content=\"Podstawowe produkty naszej oferty sprzeda\u017cowej - Forest systemy uszczelnie\u0144 sp. z o.o.\" \/>\n<meta property=\"og:description\" content=\"Nasze podstawowe produkty to mi\u0119dzy innymi fartuchy EPDM, uszczelki wyt\u0142aczane z gumy pe\u0142nej, uszczelki silikonowe oraz tworzywowe wycinane laserowo.\" \/>\n<meta property=\"og:url\" content=\"http:\/\/forestsystemyuszczelnien.pl\/en\/podstawowe-produkty\/\" \/>\n<meta property=\"og:site_name\" content=\"Forest systemy uszczelnie\u0144 sp. z o.o.\" \/>\n<meta property=\"article:modified_time\" content=\"2018-02-04T21:00:58+00:00\" \/>\n<meta name=\"twitter:card\" content=\"summary_large_image\" \/>\n<meta name=\"twitter:label1\" content=\"Est. reading time\" \/>\n\t<meta name=\"twitter:data1\" content=\"6 minutes\" \/>\n<script type=\"application\/ld+json\" class=\"yoast-schema-graph\">{\"@context\":\"https:\\\/\\\/schema.org\",\"@graph\":[{\"@type\":\"WebPage\",\"@id\":\"http:\\\/\\\/forestsystemyuszczelnien.pl\\\/en\\\/podstawowe-produkty\\\/\",\"url\":\"http:\\\/\\\/forestsystemyuszczelnien.pl\\\/en\\\/podstawowe-produkty\\\/\",\"name\":\"Podstawowe produkty naszej oferty sprzeda\u017cowej - Forest systemy uszczelnie\u0144 sp. z o.o.\",\"isPartOf\":{\"@id\":\"http:\\\/\\\/forestsystemyuszczelnien.pl\\\/en\\\/#website\"},\"datePublished\":\"2017-09-25T22:42:39+00:00\",\"dateModified\":\"2018-02-04T21:00:58+00:00\",\"description\":\"Nasze podstawowe produkty to mi\u0119dzy innymi fartuchy EPDM, uszczelki wyt\u0142aczane z gumy pe\u0142nej, uszczelki silikonowe oraz tworzywowe wycinane laserowo.\",\"breadcrumb\":{\"@id\":\"http:\\\/\\\/forestsystemyuszczelnien.pl\\\/en\\\/podstawowe-produkty\\\/#breadcrumb\"},\"inLanguage\":\"en-US\",\"potentialAction\":[{\"@type\":\"ReadAction\",\"target\":[[\"http:\\\/\\\/forestsystemyuszczelnien.pl\\\/en\\\/podstawowe-produkty\\\/\"]]}]},{\"@type\":\"BreadcrumbList\",\"@id\":\"http:\\\/\\\/forestsystemyuszczelnien.pl\\\/en\\\/podstawowe-produkty\\\/#breadcrumb\",\"itemListElement\":[{\"@type\":\"ListItem\",\"position\":1,\"name\":\"Strona g\u0142\u00f3wna\",\"item\":\"http:\\\/\\\/forestsystemyuszczelnien.pl\\\/en\\\/\"},{\"@type\":\"ListItem\",\"position\":2,\"name\":\"Basic products:\"}]},{\"@type\":\"WebSite\",\"@id\":\"http:\\\/\\\/forestsystemyuszczelnien.pl\\\/en\\\/#website\",\"url\":\"http:\\\/\\\/forestsystemyuszczelnien.pl\\\/en\\\/\",\"name\":\"Forest systemy uszczelnie\u0144 sp. z o.o.\",\"description\":\"Sealing systems\",\"publisher\":{\"@id\":\"http:\\\/\\\/forestsystemyuszczelnien.pl\\\/en\\\/#organization\"},\"potentialAction\":[{\"@type\":\"SearchAction\",\"target\":{\"@type\":\"EntryPoint\",\"urlTemplate\":\"http:\\\/\\\/forestsystemyuszczelnien.pl\\\/en\\\/?s={search_term_string}\"},\"query-input\":{\"@type\":\"PropertyValueSpecification\",\"valueRequired\":true,\"valueName\":\"search_term_string\"}}],\"inLanguage\":\"en-US\"},{\"@type\":\"Organization\",\"@id\":\"http:\\\/\\\/forestsystemyuszczelnien.pl\\\/en\\\/#organization\",\"name\":\"Forest-SC\",\"url\":\"http:\\\/\\\/forestsystemyuszczelnien.pl\\\/en\\\/\",\"logo\":{\"@type\":\"ImageObject\",\"inLanguage\":\"en-US\",\"@id\":\"http:\\\/\\\/forestsystemyuszczelnien.pl\\\/en\\\/#\\\/schema\\\/logo\\\/image\\\/\",\"url\":\"http:\\\/\\\/forest-sc.pl\\\/wp-content\\\/uploads\\\/2017\\\/09\\\/logo.png\",\"contentUrl\":\"http:\\\/\\\/forest-sc.pl\\\/wp-content\\\/uploads\\\/2017\\\/09\\\/logo.png\",\"width\":160,\"height\":36,\"caption\":\"Forest-SC\"},\"image\":{\"@id\":\"http:\\\/\\\/forestsystemyuszczelnien.pl\\\/en\\\/#\\\/schema\\\/logo\\\/image\\\/\"}}]}<\/script>\n<!-- \/ Yoast SEO plugin. -->","yoast_head_json":{"title":"Podstawowe produkty naszej oferty sprzeda\u017cowej - Forest systemy uszczelnie\u0144 sp. z o.o.","description":"Nasze podstawowe produkty to mi\u0119dzy innymi fartuchy EPDM, uszczelki wyt\u0142aczane z gumy pe\u0142nej, uszczelki silikonowe oraz tworzywowe wycinane laserowo.","robots":{"index":"index","follow":"follow","max-snippet":"max-snippet:-1","max-image-preview":"max-image-preview:large","max-video-preview":"max-video-preview:-1"},"canonical":"http:\/\/forestsystemyuszczelnien.pl\/en\/podstawowe-produkty\/","og_locale":"en_US","og_type":"article","og_title":"Podstawowe produkty naszej oferty sprzeda\u017cowej - Forest systemy uszczelnie\u0144 sp. z o.o.","og_description":"Nasze podstawowe produkty to mi\u0119dzy innymi fartuchy EPDM, uszczelki wyt\u0142aczane z gumy pe\u0142nej, uszczelki silikonowe oraz tworzywowe wycinane laserowo.","og_url":"http:\/\/forestsystemyuszczelnien.pl\/en\/podstawowe-produkty\/","og_site_name":"Forest systemy uszczelnie\u0144 sp. z o.o.","article_modified_time":"2018-02-04T21:00:58+00:00","twitter_card":"summary_large_image","twitter_misc":{"Est. reading time":"6 minutes"},"schema":{"@context":"https:\/\/schema.org","@graph":[{"@type":"WebPage","@id":"http:\/\/forestsystemyuszczelnien.pl\/en\/podstawowe-produkty\/","url":"http:\/\/forestsystemyuszczelnien.pl\/en\/podstawowe-produkty\/","name":"Podstawowe produkty naszej oferty sprzeda\u017cowej - Forest systemy uszczelnie\u0144 sp. z o.o.","isPartOf":{"@id":"http:\/\/forestsystemyuszczelnien.pl\/en\/#website"},"datePublished":"2017-09-25T22:42:39+00:00","dateModified":"2018-02-04T21:00:58+00:00","description":"Nasze podstawowe produkty to mi\u0119dzy innymi fartuchy EPDM, uszczelki wyt\u0142aczane z gumy pe\u0142nej, uszczelki silikonowe oraz tworzywowe wycinane laserowo.","breadcrumb":{"@id":"http:\/\/forestsystemyuszczelnien.pl\/en\/podstawowe-produkty\/#breadcrumb"},"inLanguage":"en-US","potentialAction":[{"@type":"ReadAction","target":[["http:\/\/forestsystemyuszczelnien.pl\/en\/podstawowe-produkty\/"]]}]},{"@type":"BreadcrumbList","@id":"http:\/\/forestsystemyuszczelnien.pl\/en\/podstawowe-produkty\/#breadcrumb","itemListElement":[{"@type":"ListItem","position":1,"name":"Strona g\u0142\u00f3wna","item":"http:\/\/forestsystemyuszczelnien.pl\/en\/"},{"@type":"ListItem","position":2,"name":"Basic products:"}]},{"@type":"WebSite","@id":"http:\/\/forestsystemyuszczelnien.pl\/en\/#website","url":"http:\/\/forestsystemyuszczelnien.pl\/en\/","name":"Forest systemy uszczelnie\u0144 sp. z o.o.","description":"Sealing systems","publisher":{"@id":"http:\/\/forestsystemyuszczelnien.pl\/en\/#organization"},"potentialAction":[{"@type":"SearchAction","target":{"@type":"EntryPoint","urlTemplate":"http:\/\/forestsystemyuszczelnien.pl\/en\/?s={search_term_string}"},"query-input":{"@type":"PropertyValueSpecification","valueRequired":true,"valueName":"search_term_string"}}],"inLanguage":"en-US"},{"@type":"Organization","@id":"http:\/\/forestsystemyuszczelnien.pl\/en\/#organization","name":"Forest-SC","url":"http:\/\/forestsystemyuszczelnien.pl\/en\/","logo":{"@type":"ImageObject","inLanguage":"en-US","@id":"http:\/\/forestsystemyuszczelnien.pl\/en\/#\/schema\/logo\/image\/","url":"http:\/\/forest-sc.pl\/wp-content\/uploads\/2017\/09\/logo.png","contentUrl":"http:\/\/forest-sc.pl\/wp-content\/uploads\/2017\/09\/logo.png","width":160,"height":36,"caption":"Forest-SC"},"image":{"@id":"http:\/\/forestsystemyuszczelnien.pl\/en\/#\/schema\/logo\/image\/"}}]}},"_links":{"self":[{"href":"http:\/\/forestsystemyuszczelnien.pl\/en\/wp-json\/wp\/v2\/pages\/1268","targetHints":{"allow":["GET"]}}],"collection":[{"href":"http:\/\/forestsystemyuszczelnien.pl\/en\/wp-json\/wp\/v2\/pages"}],"about":[{"href":"http:\/\/forestsystemyuszczelnien.pl\/en\/wp-json\/wp\/v2\/types\/page"}],"author":[{"embeddable":true,"href":"http:\/\/forestsystemyuszczelnien.pl\/en\/wp-json\/wp\/v2\/users\/3"}],"replies":[{"embeddable":true,"href":"http:\/\/forestsystemyuszczelnien.pl\/en\/wp-json\/wp\/v2\/comments?post=1268"}],"version-history":[{"count":5,"href":"http:\/\/forestsystemyuszczelnien.pl\/en\/wp-json\/wp\/v2\/pages\/1268\/revisions"}],"predecessor-version":[{"id":1726,"href":"http:\/\/forestsystemyuszczelnien.pl\/en\/wp-json\/wp\/v2\/pages\/1268\/revisions\/1726"}],"wp:attachment":[{"href":"http:\/\/forestsystemyuszczelnien.pl\/en\/wp-json\/wp\/v2\/media?parent=1268"}],"curies":[{"name":"wp","href":"https:\/\/api.w.org\/{rel}","templated":true}]}}