{"id":1270,"date":"2017-09-25T22:43:07","date_gmt":"2017-09-25T22:43:07","guid":{"rendered":"http:\/\/fsc.kam-it.pl\/?page_id=1270"},"modified":"2018-02-04T21:04:36","modified_gmt":"2018-02-04T21:04:36","slug":"uslugi","status":"publish","type":"page","link":"http:\/\/forestsystemyuszczelnien.pl\/en\/uslugi\/","title":{"rendered":"Services:"},"content":{"rendered":"<p><\/p>\n<ul>\n<li>cutting into any size of both full and porous rubber gaskets,<\/li>\n<li>laser cutting of seals (washers) of any shape and different materials,<\/li>\n<li>application of the butyl layer to EPDM sheets,<\/li>\n<li>bonding\n<\/ul>\n<article style=\"display: none;\">\n<h2>Our Services<\/h2>\n<p>Our services <\/p>\n<p>The provision of services is one of our branches. Check. The provision of services is one of our branches. Check. The provision of services is one of our branches. Check. The provision of services is one of our branches. Check. The provision of services is one of our branches. Check. The provision of services is one of our branches. Check. The provision of services is one of our branches. Check. The provision of services is one of our branches. Check. The provision of services is one of our branches. Check. The provision of services is one of our branches. Check. The provision of services is one of our branches. Check. <\/p>\n<p>The provision of services is one of our branches. Check. The provision of services is one of our branches. Check. The provision of services is one of our branches. Check. The provision of services is one of our branches. Check. The provision of services is one of our branches. Check. The provision of services is one of our branches. Check. The provision of services is one of our branches. Check. The provision of services is one of our branches. Check. The provision of services is one of our branches. Check. The provision of services is one of our branches. Check. The provision of services is one of our branches. Check. <\/p>\n<h2>Our Services<\/h2>\n<p>The provision of services is one of our branches. Check. The provision of services is one of our branches. Check. The provision of services is one of our branches. Check. The provision of services is one of our branches. Check. The provision of services is one of our branches. Check. The provision of services is one of our branches. Check. The provision of services is one of our branches. Check. The provision of services is one of our branches. Check. The provision of services is one of our branches. Check. The provision of services is one of our branches. Check. The provision of services is one of our branches. Check. <\/p>\n<p>The provision of services is one of our branches. Check. The provision of services is one of our branches. Check. The provision of services is one of our branches. Check. The provision of services is one of our branches. Check. The provision of services is one of our branches. Check. The provision of services is one of our branches. Check. The provision of services is one of our branches. Check. The provision of services is one of our branches. Check. The provision of services is one of our branches. Check. The provision of services is one of our branches. Check. The provision of services is one of our branches. Check. <\/p>\n<p>&lt;\/ Article&gt;<br \/>\n<\/article>\n<p><\/p>","protected":false},"excerpt":{"rendered":"<p>cutting into any size of both full and porous rubber gaskets, laser cutting of seals (washers) of any shape and different materials, application of the butyl layer to EPDM sheets, &#8230;<\/p>\n","protected":false},"author":3,"featured_media":0,"parent":0,"menu_order":0,"comment_status":"closed","ping_status":"closed","template":"","meta":{"footnotes":""},"class_list":["post-1270","page","type-page","status-publish","hentry"],"yoast_head":"<!-- This site is optimized with the Yoast SEO plugin v27.3 - https:\/\/yoast.com\/product\/yoast-seo-wordpress\/ -->\n<title>Us\u0142ugi - Forest systemy uszczelnie\u0144 sp. z o.o. - Sprawd\u017a co mo\u017cemy dla Ciebie zrobi\u0107<\/title>\n<meta name=\"description\" content=\"Nasze us\u0142ugi to mi\u0119dzy innymi ci\u0119cie na dowolny wymiar, wycinanie laserowe, nanoszenie warstwy butylowej na fartuchy EPDM, klejenie\" \/>\n<meta name=\"robots\" content=\"index, follow, max-snippet:-1, max-image-preview:large, max-video-preview:-1\" \/>\n<link rel=\"canonical\" href=\"http:\/\/forestsystemyuszczelnien.pl\/en\/uslugi\/\" \/>\n<meta property=\"og:locale\" content=\"en_US\" \/>\n<meta property=\"og:type\" content=\"article\" \/>\n<meta property=\"og:title\" content=\"Us\u0142ugi - Forest systemy uszczelnie\u0144 sp. z o.o. - Sprawd\u017a co mo\u017cemy dla Ciebie zrobi\u0107\" \/>\n<meta property=\"og:description\" content=\"Nasze us\u0142ugi to mi\u0119dzy innymi ci\u0119cie na dowolny wymiar, wycinanie laserowe, nanoszenie warstwy butylowej na fartuchy EPDM, klejenie\" \/>\n<meta property=\"og:url\" content=\"http:\/\/forestsystemyuszczelnien.pl\/en\/uslugi\/\" \/>\n<meta property=\"og:site_name\" content=\"Forest systemy uszczelnie\u0144 sp. z o.o.\" \/>\n<meta property=\"article:modified_time\" content=\"2018-02-04T21:04:36+00:00\" \/>\n<meta name=\"twitter:card\" content=\"summary_large_image\" \/>\n<meta name=\"twitter:label1\" content=\"Est. reading time\" \/>\n\t<meta name=\"twitter:data1\" content=\"5 minutes\" \/>\n<script type=\"application\/ld+json\" class=\"yoast-schema-graph\">{\"@context\":\"https:\\\/\\\/schema.org\",\"@graph\":[{\"@type\":\"WebPage\",\"@id\":\"http:\\\/\\\/forestsystemyuszczelnien.pl\\\/en\\\/uslugi\\\/\",\"url\":\"http:\\\/\\\/forestsystemyuszczelnien.pl\\\/en\\\/uslugi\\\/\",\"name\":\"Us\u0142ugi - Forest systemy uszczelnie\u0144 sp. z o.o. - Sprawd\u017a co mo\u017cemy dla Ciebie zrobi\u0107\",\"isPartOf\":{\"@id\":\"http:\\\/\\\/forestsystemyuszczelnien.pl\\\/en\\\/#website\"},\"datePublished\":\"2017-09-25T22:43:07+00:00\",\"dateModified\":\"2018-02-04T21:04:36+00:00\",\"description\":\"Nasze us\u0142ugi to mi\u0119dzy innymi ci\u0119cie na dowolny wymiar, wycinanie laserowe, nanoszenie warstwy butylowej na fartuchy EPDM, klejenie\",\"breadcrumb\":{\"@id\":\"http:\\\/\\\/forestsystemyuszczelnien.pl\\\/en\\\/uslugi\\\/#breadcrumb\"},\"inLanguage\":\"en-US\",\"potentialAction\":[{\"@type\":\"ReadAction\",\"target\":[[\"http:\\\/\\\/forestsystemyuszczelnien.pl\\\/en\\\/uslugi\\\/\"]]}]},{\"@type\":\"BreadcrumbList\",\"@id\":\"http:\\\/\\\/forestsystemyuszczelnien.pl\\\/en\\\/uslugi\\\/#breadcrumb\",\"itemListElement\":[{\"@type\":\"ListItem\",\"position\":1,\"name\":\"Strona g\u0142\u00f3wna\",\"item\":\"http:\\\/\\\/forestsystemyuszczelnien.pl\\\/en\\\/\"},{\"@type\":\"ListItem\",\"position\":2,\"name\":\"Services:\"}]},{\"@type\":\"WebSite\",\"@id\":\"http:\\\/\\\/forestsystemyuszczelnien.pl\\\/en\\\/#website\",\"url\":\"http:\\\/\\\/forestsystemyuszczelnien.pl\\\/en\\\/\",\"name\":\"Forest systemy uszczelnie\u0144 sp. z o.o.\",\"description\":\"Sealing systems\",\"publisher\":{\"@id\":\"http:\\\/\\\/forestsystemyuszczelnien.pl\\\/en\\\/#organization\"},\"potentialAction\":[{\"@type\":\"SearchAction\",\"target\":{\"@type\":\"EntryPoint\",\"urlTemplate\":\"http:\\\/\\\/forestsystemyuszczelnien.pl\\\/en\\\/?s={search_term_string}\"},\"query-input\":{\"@type\":\"PropertyValueSpecification\",\"valueRequired\":true,\"valueName\":\"search_term_string\"}}],\"inLanguage\":\"en-US\"},{\"@type\":\"Organization\",\"@id\":\"http:\\\/\\\/forestsystemyuszczelnien.pl\\\/en\\\/#organization\",\"name\":\"Forest-SC\",\"url\":\"http:\\\/\\\/forestsystemyuszczelnien.pl\\\/en\\\/\",\"logo\":{\"@type\":\"ImageObject\",\"inLanguage\":\"en-US\",\"@id\":\"http:\\\/\\\/forestsystemyuszczelnien.pl\\\/en\\\/#\\\/schema\\\/logo\\\/image\\\/\",\"url\":\"http:\\\/\\\/forest-sc.pl\\\/wp-content\\\/uploads\\\/2017\\\/09\\\/logo.png\",\"contentUrl\":\"http:\\\/\\\/forest-sc.pl\\\/wp-content\\\/uploads\\\/2017\\\/09\\\/logo.png\",\"width\":160,\"height\":36,\"caption\":\"Forest-SC\"},\"image\":{\"@id\":\"http:\\\/\\\/forestsystemyuszczelnien.pl\\\/en\\\/#\\\/schema\\\/logo\\\/image\\\/\"}}]}<\/script>\n<!-- \/ Yoast SEO plugin. -->","yoast_head_json":{"title":"Us\u0142ugi - Forest systemy uszczelnie\u0144 sp. z o.o. - Sprawd\u017a co mo\u017cemy dla Ciebie zrobi\u0107","description":"Nasze us\u0142ugi to mi\u0119dzy innymi ci\u0119cie na dowolny wymiar, wycinanie laserowe, nanoszenie warstwy butylowej na fartuchy EPDM, klejenie","robots":{"index":"index","follow":"follow","max-snippet":"max-snippet:-1","max-image-preview":"max-image-preview:large","max-video-preview":"max-video-preview:-1"},"canonical":"http:\/\/forestsystemyuszczelnien.pl\/en\/uslugi\/","og_locale":"en_US","og_type":"article","og_title":"Us\u0142ugi - Forest systemy uszczelnie\u0144 sp. z o.o. - Sprawd\u017a co mo\u017cemy dla Ciebie zrobi\u0107","og_description":"Nasze us\u0142ugi to mi\u0119dzy innymi ci\u0119cie na dowolny wymiar, wycinanie laserowe, nanoszenie warstwy butylowej na fartuchy EPDM, klejenie","og_url":"http:\/\/forestsystemyuszczelnien.pl\/en\/uslugi\/","og_site_name":"Forest systemy uszczelnie\u0144 sp. z o.o.","article_modified_time":"2018-02-04T21:04:36+00:00","twitter_card":"summary_large_image","twitter_misc":{"Est. reading time":"5 minutes"},"schema":{"@context":"https:\/\/schema.org","@graph":[{"@type":"WebPage","@id":"http:\/\/forestsystemyuszczelnien.pl\/en\/uslugi\/","url":"http:\/\/forestsystemyuszczelnien.pl\/en\/uslugi\/","name":"Us\u0142ugi - Forest systemy uszczelnie\u0144 sp. z o.o. - Sprawd\u017a co mo\u017cemy dla Ciebie zrobi\u0107","isPartOf":{"@id":"http:\/\/forestsystemyuszczelnien.pl\/en\/#website"},"datePublished":"2017-09-25T22:43:07+00:00","dateModified":"2018-02-04T21:04:36+00:00","description":"Nasze us\u0142ugi to mi\u0119dzy innymi ci\u0119cie na dowolny wymiar, wycinanie laserowe, nanoszenie warstwy butylowej na fartuchy EPDM, klejenie","breadcrumb":{"@id":"http:\/\/forestsystemyuszczelnien.pl\/en\/uslugi\/#breadcrumb"},"inLanguage":"en-US","potentialAction":[{"@type":"ReadAction","target":[["http:\/\/forestsystemyuszczelnien.pl\/en\/uslugi\/"]]}]},{"@type":"BreadcrumbList","@id":"http:\/\/forestsystemyuszczelnien.pl\/en\/uslugi\/#breadcrumb","itemListElement":[{"@type":"ListItem","position":1,"name":"Strona g\u0142\u00f3wna","item":"http:\/\/forestsystemyuszczelnien.pl\/en\/"},{"@type":"ListItem","position":2,"name":"Services:"}]},{"@type":"WebSite","@id":"http:\/\/forestsystemyuszczelnien.pl\/en\/#website","url":"http:\/\/forestsystemyuszczelnien.pl\/en\/","name":"Forest systemy uszczelnie\u0144 sp. z o.o.","description":"Sealing systems","publisher":{"@id":"http:\/\/forestsystemyuszczelnien.pl\/en\/#organization"},"potentialAction":[{"@type":"SearchAction","target":{"@type":"EntryPoint","urlTemplate":"http:\/\/forestsystemyuszczelnien.pl\/en\/?s={search_term_string}"},"query-input":{"@type":"PropertyValueSpecification","valueRequired":true,"valueName":"search_term_string"}}],"inLanguage":"en-US"},{"@type":"Organization","@id":"http:\/\/forestsystemyuszczelnien.pl\/en\/#organization","name":"Forest-SC","url":"http:\/\/forestsystemyuszczelnien.pl\/en\/","logo":{"@type":"ImageObject","inLanguage":"en-US","@id":"http:\/\/forestsystemyuszczelnien.pl\/en\/#\/schema\/logo\/image\/","url":"http:\/\/forest-sc.pl\/wp-content\/uploads\/2017\/09\/logo.png","contentUrl":"http:\/\/forest-sc.pl\/wp-content\/uploads\/2017\/09\/logo.png","width":160,"height":36,"caption":"Forest-SC"},"image":{"@id":"http:\/\/forestsystemyuszczelnien.pl\/en\/#\/schema\/logo\/image\/"}}]}},"_links":{"self":[{"href":"http:\/\/forestsystemyuszczelnien.pl\/en\/wp-json\/wp\/v2\/pages\/1270","targetHints":{"allow":["GET"]}}],"collection":[{"href":"http:\/\/forestsystemyuszczelnien.pl\/en\/wp-json\/wp\/v2\/pages"}],"about":[{"href":"http:\/\/forestsystemyuszczelnien.pl\/en\/wp-json\/wp\/v2\/types\/page"}],"author":[{"embeddable":true,"href":"http:\/\/forestsystemyuszczelnien.pl\/en\/wp-json\/wp\/v2\/users\/3"}],"replies":[{"embeddable":true,"href":"http:\/\/forestsystemyuszczelnien.pl\/en\/wp-json\/wp\/v2\/comments?post=1270"}],"version-history":[{"count":6,"href":"http:\/\/forestsystemyuszczelnien.pl\/en\/wp-json\/wp\/v2\/pages\/1270\/revisions"}],"predecessor-version":[{"id":1729,"href":"http:\/\/forestsystemyuszczelnien.pl\/en\/wp-json\/wp\/v2\/pages\/1270\/revisions\/1729"}],"wp:attachment":[{"href":"http:\/\/forestsystemyuszczelnien.pl\/en\/wp-json\/wp\/v2\/media?parent=1270"}],"curies":[{"name":"wp","href":"https:\/\/api.w.org\/{rel}","templated":true}]}}