{"id":1701,"date":"2018-01-25T20:32:38","date_gmt":"2018-01-25T20:32:38","guid":{"rendered":"http:\/\/forest-sc.pl\/?page_id=1701"},"modified":"2018-01-25T20:32:38","modified_gmt":"2018-01-25T20:32:38","slug":"services","status":"publish","type":"page","link":"http:\/\/forestsystemyuszczelnien.pl\/en\/services\/","title":{"rendered":"Services:"},"content":{"rendered":"<ul>\n<li> cutting into any size of both full and porous rubber gaskets, <\/ li>\n<li> laser cutting of seals (washers) of any shape and different materials, <\/ li>\n<li> application of the butyl layer to EPDM sheets, <\/ li><br \/>\n <Li> bonding <\/ li>\n<\/ul>\n","protected":false},"excerpt":{"rendered":"<p>cutting into any size of both full and porous rubber gaskets, laser cutting of seals (washers) of any shape and different materials, application of the butyl layer to EPDM sheets, &#8230;<\/p>\n","protected":false},"author":3,"featured_media":0,"parent":0,"menu_order":0,"comment_status":"closed","ping_status":"closed","template":"","meta":{"footnotes":""},"class_list":["post-1701","page","type-page","status-publish","hentry"],"yoast_head":"<!-- This site is optimized with the Yoast SEO plugin v27.3 - https:\/\/yoast.com\/product\/yoast-seo-wordpress\/ -->\n<title>Us\u0142ugi - Forest systemy uszczelnie\u0144 sp. z o.o. - Sprawd\u017a co mo\u017cemy dla Ciebie zrobi\u0107<\/title>\n<meta name=\"description\" content=\"Nasze us\u0142ugi to mi\u0119dzy innymi ci\u0119cie na dowolny wymiar, wycinanie laserowe, nanoszenie warstwy butylowej na fartuchy EPDM, klejenie\" \/>\n<meta name=\"robots\" content=\"index, follow, max-snippet:-1, max-image-preview:large, max-video-preview:-1\" \/>\n<link rel=\"canonical\" href=\"http:\/\/forestsystemyuszczelnien.pl\/en\/services\/\" \/>\n<meta property=\"og:locale\" content=\"en_US\" \/>\n<meta property=\"og:type\" content=\"article\" \/>\n<meta property=\"og:title\" content=\"Us\u0142ugi - Forest systemy uszczelnie\u0144 sp. z o.o. - Sprawd\u017a co mo\u017cemy dla Ciebie zrobi\u0107\" \/>\n<meta property=\"og:description\" content=\"Nasze us\u0142ugi to mi\u0119dzy innymi ci\u0119cie na dowolny wymiar, wycinanie laserowe, nanoszenie warstwy butylowej na fartuchy EPDM, klejenie\" \/>\n<meta property=\"og:url\" content=\"http:\/\/forestsystemyuszczelnien.pl\/en\/services\/\" \/>\n<meta property=\"og:site_name\" content=\"Forest systemy uszczelnie\u0144 sp. z o.o.\" \/>\n<meta name=\"twitter:card\" content=\"summary_large_image\" \/>\n<script type=\"application\/ld+json\" class=\"yoast-schema-graph\">{\"@context\":\"https:\\\/\\\/schema.org\",\"@graph\":[{\"@type\":\"WebPage\",\"@id\":\"http:\\\/\\\/forestsystemyuszczelnien.pl\\\/en\\\/services\\\/\",\"url\":\"http:\\\/\\\/forestsystemyuszczelnien.pl\\\/en\\\/services\\\/\",\"name\":\"Us\u0142ugi - Forest systemy uszczelnie\u0144 sp. z o.o. - Sprawd\u017a co mo\u017cemy dla Ciebie zrobi\u0107\",\"isPartOf\":{\"@id\":\"http:\\\/\\\/forestsystemyuszczelnien.pl\\\/en\\\/#website\"},\"datePublished\":\"2018-01-25T20:32:38+00:00\",\"description\":\"Nasze us\u0142ugi to mi\u0119dzy innymi ci\u0119cie na dowolny wymiar, wycinanie laserowe, nanoszenie warstwy butylowej na fartuchy EPDM, klejenie\",\"breadcrumb\":{\"@id\":\"http:\\\/\\\/forestsystemyuszczelnien.pl\\\/en\\\/services\\\/#breadcrumb\"},\"inLanguage\":\"en-US\",\"potentialAction\":[{\"@type\":\"ReadAction\",\"target\":[[\"http:\\\/\\\/forestsystemyuszczelnien.pl\\\/en\\\/services\\\/\"]]}]},{\"@type\":\"BreadcrumbList\",\"@id\":\"http:\\\/\\\/forestsystemyuszczelnien.pl\\\/en\\\/services\\\/#breadcrumb\",\"itemListElement\":[{\"@type\":\"ListItem\",\"position\":1,\"name\":\"Strona g\u0142\u00f3wna\",\"item\":\"http:\\\/\\\/forestsystemyuszczelnien.pl\\\/en\\\/\"},{\"@type\":\"ListItem\",\"position\":2,\"name\":\"Services:\"}]},{\"@type\":\"WebSite\",\"@id\":\"http:\\\/\\\/forestsystemyuszczelnien.pl\\\/en\\\/#website\",\"url\":\"http:\\\/\\\/forestsystemyuszczelnien.pl\\\/en\\\/\",\"name\":\"Forest systemy uszczelnie\u0144 sp. z o.o.\",\"description\":\"Sealing systems\",\"publisher\":{\"@id\":\"http:\\\/\\\/forestsystemyuszczelnien.pl\\\/en\\\/#organization\"},\"potentialAction\":[{\"@type\":\"SearchAction\",\"target\":{\"@type\":\"EntryPoint\",\"urlTemplate\":\"http:\\\/\\\/forestsystemyuszczelnien.pl\\\/en\\\/?s={search_term_string}\"},\"query-input\":{\"@type\":\"PropertyValueSpecification\",\"valueRequired\":true,\"valueName\":\"search_term_string\"}}],\"inLanguage\":\"en-US\"},{\"@type\":\"Organization\",\"@id\":\"http:\\\/\\\/forestsystemyuszczelnien.pl\\\/en\\\/#organization\",\"name\":\"Forest-SC\",\"url\":\"http:\\\/\\\/forestsystemyuszczelnien.pl\\\/en\\\/\",\"logo\":{\"@type\":\"ImageObject\",\"inLanguage\":\"en-US\",\"@id\":\"http:\\\/\\\/forestsystemyuszczelnien.pl\\\/en\\\/#\\\/schema\\\/logo\\\/image\\\/\",\"url\":\"http:\\\/\\\/forest-sc.pl\\\/wp-content\\\/uploads\\\/2017\\\/09\\\/logo.png\",\"contentUrl\":\"http:\\\/\\\/forest-sc.pl\\\/wp-content\\\/uploads\\\/2017\\\/09\\\/logo.png\",\"width\":160,\"height\":36,\"caption\":\"Forest-SC\"},\"image\":{\"@id\":\"http:\\\/\\\/forestsystemyuszczelnien.pl\\\/en\\\/#\\\/schema\\\/logo\\\/image\\\/\"}}]}<\/script>\n<!-- \/ Yoast SEO plugin. -->","yoast_head_json":{"title":"Us\u0142ugi - Forest systemy uszczelnie\u0144 sp. z o.o. - Sprawd\u017a co mo\u017cemy dla Ciebie zrobi\u0107","description":"Nasze us\u0142ugi to mi\u0119dzy innymi ci\u0119cie na dowolny wymiar, wycinanie laserowe, nanoszenie warstwy butylowej na fartuchy EPDM, klejenie","robots":{"index":"index","follow":"follow","max-snippet":"max-snippet:-1","max-image-preview":"max-image-preview:large","max-video-preview":"max-video-preview:-1"},"canonical":"http:\/\/forestsystemyuszczelnien.pl\/en\/services\/","og_locale":"en_US","og_type":"article","og_title":"Us\u0142ugi - Forest systemy uszczelnie\u0144 sp. z o.o. - Sprawd\u017a co mo\u017cemy dla Ciebie zrobi\u0107","og_description":"Nasze us\u0142ugi to mi\u0119dzy innymi ci\u0119cie na dowolny wymiar, wycinanie laserowe, nanoszenie warstwy butylowej na fartuchy EPDM, klejenie","og_url":"http:\/\/forestsystemyuszczelnien.pl\/en\/services\/","og_site_name":"Forest systemy uszczelnie\u0144 sp. z o.o.","twitter_card":"summary_large_image","schema":{"@context":"https:\/\/schema.org","@graph":[{"@type":"WebPage","@id":"http:\/\/forestsystemyuszczelnien.pl\/en\/services\/","url":"http:\/\/forestsystemyuszczelnien.pl\/en\/services\/","name":"Us\u0142ugi - Forest systemy uszczelnie\u0144 sp. z o.o. - Sprawd\u017a co mo\u017cemy dla Ciebie zrobi\u0107","isPartOf":{"@id":"http:\/\/forestsystemyuszczelnien.pl\/en\/#website"},"datePublished":"2018-01-25T20:32:38+00:00","description":"Nasze us\u0142ugi to mi\u0119dzy innymi ci\u0119cie na dowolny wymiar, wycinanie laserowe, nanoszenie warstwy butylowej na fartuchy EPDM, klejenie","breadcrumb":{"@id":"http:\/\/forestsystemyuszczelnien.pl\/en\/services\/#breadcrumb"},"inLanguage":"en-US","potentialAction":[{"@type":"ReadAction","target":[["http:\/\/forestsystemyuszczelnien.pl\/en\/services\/"]]}]},{"@type":"BreadcrumbList","@id":"http:\/\/forestsystemyuszczelnien.pl\/en\/services\/#breadcrumb","itemListElement":[{"@type":"ListItem","position":1,"name":"Strona g\u0142\u00f3wna","item":"http:\/\/forestsystemyuszczelnien.pl\/en\/"},{"@type":"ListItem","position":2,"name":"Services:"}]},{"@type":"WebSite","@id":"http:\/\/forestsystemyuszczelnien.pl\/en\/#website","url":"http:\/\/forestsystemyuszczelnien.pl\/en\/","name":"Forest systemy uszczelnie\u0144 sp. z o.o.","description":"Sealing systems","publisher":{"@id":"http:\/\/forestsystemyuszczelnien.pl\/en\/#organization"},"potentialAction":[{"@type":"SearchAction","target":{"@type":"EntryPoint","urlTemplate":"http:\/\/forestsystemyuszczelnien.pl\/en\/?s={search_term_string}"},"query-input":{"@type":"PropertyValueSpecification","valueRequired":true,"valueName":"search_term_string"}}],"inLanguage":"en-US"},{"@type":"Organization","@id":"http:\/\/forestsystemyuszczelnien.pl\/en\/#organization","name":"Forest-SC","url":"http:\/\/forestsystemyuszczelnien.pl\/en\/","logo":{"@type":"ImageObject","inLanguage":"en-US","@id":"http:\/\/forestsystemyuszczelnien.pl\/en\/#\/schema\/logo\/image\/","url":"http:\/\/forest-sc.pl\/wp-content\/uploads\/2017\/09\/logo.png","contentUrl":"http:\/\/forest-sc.pl\/wp-content\/uploads\/2017\/09\/logo.png","width":160,"height":36,"caption":"Forest-SC"},"image":{"@id":"http:\/\/forestsystemyuszczelnien.pl\/en\/#\/schema\/logo\/image\/"}}]}},"_links":{"self":[{"href":"http:\/\/forestsystemyuszczelnien.pl\/en\/wp-json\/wp\/v2\/pages\/1701","targetHints":{"allow":["GET"]}}],"collection":[{"href":"http:\/\/forestsystemyuszczelnien.pl\/en\/wp-json\/wp\/v2\/pages"}],"about":[{"href":"http:\/\/forestsystemyuszczelnien.pl\/en\/wp-json\/wp\/v2\/types\/page"}],"author":[{"embeddable":true,"href":"http:\/\/forestsystemyuszczelnien.pl\/en\/wp-json\/wp\/v2\/users\/3"}],"replies":[{"embeddable":true,"href":"http:\/\/forestsystemyuszczelnien.pl\/en\/wp-json\/wp\/v2\/comments?post=1701"}],"version-history":[{"count":1,"href":"http:\/\/forestsystemyuszczelnien.pl\/en\/wp-json\/wp\/v2\/pages\/1701\/revisions"}],"predecessor-version":[{"id":1702,"href":"http:\/\/forestsystemyuszczelnien.pl\/en\/wp-json\/wp\/v2\/pages\/1701\/revisions\/1702"}],"wp:attachment":[{"href":"http:\/\/forestsystemyuszczelnien.pl\/en\/wp-json\/wp\/v2\/media?parent=1701"}],"curies":[{"name":"wp","href":"https:\/\/api.w.org\/{rel}","templated":true}]}}