{"id":2129,"date":"2026-04-09T20:15:55","date_gmt":"2026-04-09T20:15:55","guid":{"rendered":"https:\/\/forestsystemyuszczelnien.pl\/produkt\/fartuch-epdm-075mm-wewnetrzny-z-klipsem-systemowym-tasma-butylowa-od-100-do-700-mm-25-m-b\/"},"modified":"2026-04-09T20:15:57","modified_gmt":"2026-04-09T20:15:57","slug":"fartuch-epdm-075mm-wewnetrzny-z-klipsem-systemowym-tasma-butylowa-od-100-do-700-mm-25-m-b","status":"publish","type":"product","link":"http:\/\/forestsystemyuszczelnien.pl\/en\/produkt\/fartuch-epdm-075mm-wewnetrzny-z-klipsem-systemowym-tasma-butylowa-od-100-do-700-mm-25-m-b\/","title":{"rendered":"Fartuch EPDM 0,75mm wewn\u0119trzny z klipsem systemowym + ta\u015bma butylowa od 100 do 700 mm &#8211; 25 m.b.."},"content":{"rendered":"<p class=\"def\"><span style=\"font-family: arial, helvetica, sans-serif; font-size: medium; font-weight: bold;\" class=\"def\">OPIS:<\/span><\/p>\n<p class=\"def\"><span style=\"font-family: arial, helvetica, sans-serif; font-size: medium;\" class=\"def\">FOLIA EPDM wewn\u0119trzny, paroszczelny o grubo\u015bci 0,75 mm i d\u0142ugo\u015bci 25mb (rolka) z klipsem systemowym oraz paskiem butylu do przyklejenia do muru. Zastosowanie do fasad aluminiowych. Mo\u017cemy dobra\u0107 odpowiedni zaczep do prawie ka\u017cdego systemu profili. Czas realizacji 4-7 dni&nbsp;<\/span><\/p>\n<p class=\"def\"><span style=\"box-sizing: inherit; font-weight: bold; font-family: arial, helvetica, sans-serif; font-size: medium;\" class=\"def\">ZASTOSOWANIE:<\/span><\/p>\n<ul style=\"box-sizing: inherit; margin-bottom: 1rem; margin-top: 0px; list-style: square; padding-left: 0px; color: #232323; font-family: Poppins, sans-serif; font-size: 16px;\" class=\"def\">\n<li style=\"box-sizing: inherit;\" class=\"def\"><span style=\"font-family: arial, helvetica, sans-serif; font-size: medium;\" class=\"def\">Fartuch EPDM stosowany do uszczelniania z\u0142\u0105czy mi\u0119dzy oknami, jak i z\u0142\u0105czy mi\u0119dzy elementami \u015bcian os\u0142onowych (s\u0142upowo-ryglowych) o konstrukcjach z kszta\u0142townikow aluminiowych, a konstrukcj\u0105 budynk\u00f3w.<\/span><\/li>\n<\/ul>\n<p class=\"def\"><span style=\"box-sizing: inherit; font-weight: bold; font-family: arial, helvetica, sans-serif; font-size: medium;\" class=\"def\">W\u0141A\u015aCIWO\u015aCI:<\/span><\/p>\n<ul style=\"box-sizing: inherit; margin-bottom: 1rem; margin-top: 0px; list-style: square; padding-left: 0px; color: #232323; font-family: Poppins, sans-serif; font-size: 16px;\" class=\"def\">\n<li class=\"def\"><span style=\"color: #232323; font-family: arial, helvetica, sans-serif; font-size: medium;\" class=\"def\">Odporno\u015b\u0107 na wp\u0142ywy atmosferyczne, zanieczyszczenia i promienie UV, &nbsp;trwa\u0142o\u015b\u0107 u\u017cytkowania przekracza okres 50 lat<\/span><\/li>\n<li style=\"box-sizing: inherit;\" class=\"def\"><span style=\"font-family: arial, helvetica, sans-serif; font-size: medium;\" class=\"def\">Folia EPDM posiada odporno\u015b\u0107 na temperatur\u0119. Utrzymuje elastyczno\u015b\u0107 i spr\u0119\u017cysto\u015b\u0107 niezale\u017cnie od temperatury<\/span><\/li>\n<li style=\"box-sizing: inherit;\" class=\"def\"><span style=\"font-family: arial, helvetica, sans-serif; font-size: medium;\" class=\"def\">Odporno\u015b\u0107 biologiczna. Odporny na degradacje mikrobiologiczna, gryzonie, grzyby i bakterie<\/span><\/li>\n<li style=\"box-sizing: inherit;\" class=\"def\"><span style=\"font-family: arial, helvetica, sans-serif; font-size: medium;\" class=\"def\">Elastyczny. Mo\u017cliwe wyd\u0142u\u017cenie w zakresie spr\u0119\u017cystym przekraczaj\u0105ce 300% w p\u0142aszczy\u017anie wyrobu i ponad 100% w innych kierunkach. W praktyce zawsze powr\u00f3ci do pierwotnego kszta\u0142tu i poch\u0142onie ruchy termiczne i konstrukcyjne pod\u0142o\u017ca<\/span><\/li>\n<li style=\"box-sizing: inherit;\" class=\"def\"><span style=\"font-family: arial, helvetica, sans-serif; font-size: medium;\" class=\"def\">Wieloletnia historia. Membrany EPDM i Butyl s\u0105 u\u017cywane w budownictwie i in\u017cynierii przemys\u0142owej od ponad 50 lat. S\u0105 to najbardziej elastyczne membrany w historii budownictwa<\/span><\/li>\n<li style=\"box-sizing: inherit;\" class=\"def\"><span style=\"font-family: arial, helvetica, sans-serif; font-size: medium;\" class=\"def\">Wytrzyma\u0142a i odporna na przedziurawienie. Nie ulega dzia\u0142aniom mechanicznym lub ekstremalnym naciskom<\/span><\/li>\n<li style=\"box-sizing: inherit;\" class=\"def\"><span style=\"font-family: arial, helvetica, sans-serif; font-size: medium;\" class=\"def\">Odporno\u015b\u0107 na kontakt z innymi materia\u0142ami budowlanymi. EPDM i Butyl nie zawieraj\u0105 tworzyw sztucznych ani dodatk\u00f3w kt\u00f3re migruj\u0105 do innych materia\u0142\u00f3w budowlanychNie ulegaj\u0105 dzia\u0142aniu innych materia\u0142\u00f3w budowlanych i nie powoduj\u0105 agresji chemicznej z pod\u0142o\u017cem budowlanym<\/span><\/li>\n<li style=\"box-sizing: inherit;\" class=\"def\"><span style=\"font-family: arial, helvetica, sans-serif; font-size: medium;\" class=\"def\">Odporne na dzia\u0142anie wody i wilgoci. EPDM i Butyl s\u0105 ca\u0142kowicie odporne na dzia\u0142anie wody i wilgoci<\/span><\/li>\n<li style=\"box-sizing: inherit;\" class=\"def\"><span style=\"font-family: arial, helvetica, sans-serif; font-size: medium;\" class=\"def\">Produkt przyjazny dla \u015brodowiska. Nie zawiera \u017cadnych substancji zanieczyszczaj\u0105cych \u015brodowisko. Podlega procesowi recyklingu, mo\u017ce by\u0107 spalony bez szkody dla \u015brodowiska<\/span><\/li>\n<li style=\"box-sizing: inherit;\" class=\"def\"><span style=\"font-family: arial, helvetica, sans-serif; font-size: medium;\" class=\"def\">In\u017cynieryjny system fasadowy. Wszystkie materia\u0142y i zakres rozwi\u0105za\u0144 technicznych od jednego dostawcy.<\/span><\/li>\n<\/ul>\n","protected":false},"excerpt":{"rendered":"<p>OPIS: FOLIA EPDM wewn\u0119trzny, paroszczelny o grubo\u015bci 0,75 mm i d\u0142ugo\u015bci 25mb (rolka) z klipsem systemowym oraz paskiem butylu do przyklejenia do muru. Zastosowanie do fasad aluminiowych. Mo\u017cemy dobra\u0107 odpowiedni &#8230;<\/p>\n","protected":false},"featured_media":2128,"comment_status":"open","ping_status":"closed","template":"","meta":[],"product_brand":[],"product_cat":[63],"product_tag":[],"class_list":{"0":"post-2129","1":"product","2":"type-product","3":"status-publish","4":"has-post-thumbnail","6":"product_cat-wewnetrzne","8":"first","9":"instock","10":"shipping-taxable","11":"purchasable","12":"product-type-simple"},"yoast_head":"<!-- This site is optimized with the Yoast SEO plugin v27.3 - https:\/\/yoast.com\/product\/yoast-seo-wordpress\/ -->\n<title>Fartuch EPDM 0,75mm wewn\u0119trzny z klipsem systemowym + ta\u015bma butylowa od 100 do 700 mm - 25 m.b.. - Forest systemy uszczelnie\u0144 sp. z o.o.<\/title>\n<meta name=\"robots\" content=\"index, follow, max-snippet:-1, max-image-preview:large, max-video-preview:-1\" \/>\n<link rel=\"canonical\" href=\"http:\/\/forestsystemyuszczelnien.pl\/en\/produkt\/fartuch-epdm-075mm-wewnetrzny-z-klipsem-systemowym-tasma-butylowa-od-100-do-700-mm-25-m-b\/\" \/>\n<meta property=\"og:locale\" content=\"en_US\" \/>\n<meta property=\"og:type\" content=\"article\" \/>\n<meta property=\"og:title\" content=\"Fartuch EPDM 0,75mm wewn\u0119trzny z klipsem systemowym + ta\u015bma butylowa od 100 do 700 mm - 25 m.b.. - Forest systemy uszczelnie\u0144 sp. z o.o.\" \/>\n<meta property=\"og:description\" content=\"OPIS: FOLIA EPDM wewn\u0119trzny, paroszczelny o grubo\u015bci 0,75 mm i d\u0142ugo\u015bci 25mb (rolka) z klipsem systemowym oraz paskiem butylu do przyklejenia do muru. Zastosowanie do fasad aluminiowych. Mo\u017cemy dobra\u0107 odpowiedni ...\" \/>\n<meta property=\"og:url\" content=\"http:\/\/forestsystemyuszczelnien.pl\/en\/produkt\/fartuch-epdm-075mm-wewnetrzny-z-klipsem-systemowym-tasma-butylowa-od-100-do-700-mm-25-m-b\/\" \/>\n<meta property=\"og:site_name\" content=\"Forest systemy uszczelnie\u0144 sp. z o.o.\" \/>\n<meta property=\"article:modified_time\" content=\"2026-04-09T20:15:57+00:00\" \/>\n<meta property=\"og:image\" content=\"http:\/\/forestsystemyuszczelnien.pl\/wp-content\/uploads\/2026\/04\/original_Fartuch-EPDM-0-75mm-zewnetrzny-z-klipsem-systemowym-tasma-butylowa-od-100-do-700-mm-25-m-b-_5B1355D_0c20274c9e34.jpg\" \/>\n\t<meta property=\"og:image:width\" content=\"1031\" \/>\n\t<meta property=\"og:image:height\" content=\"630\" \/>\n\t<meta property=\"og:image:type\" content=\"image\/jpeg\" \/>\n<meta name=\"twitter:card\" content=\"summary_large_image\" \/>\n<meta name=\"twitter:label1\" content=\"Est. reading time\" \/>\n\t<meta name=\"twitter:data1\" content=\"2 minutes\" \/>\n<script type=\"application\/ld+json\" class=\"yoast-schema-graph\">{\"@context\":\"https:\\\/\\\/schema.org\",\"@graph\":[{\"@type\":\"WebPage\",\"@id\":\"http:\\\/\\\/forestsystemyuszczelnien.pl\\\/en\\\/produkt\\\/fartuch-epdm-075mm-wewnetrzny-z-klipsem-systemowym-tasma-butylowa-od-100-do-700-mm-25-m-b\\\/\",\"url\":\"http:\\\/\\\/forestsystemyuszczelnien.pl\\\/en\\\/produkt\\\/fartuch-epdm-075mm-wewnetrzny-z-klipsem-systemowym-tasma-butylowa-od-100-do-700-mm-25-m-b\\\/\",\"name\":\"Fartuch EPDM 0,75mm wewn\u0119trzny z klipsem systemowym + ta\u015bma butylowa od 100 do 700 mm - 25 m.b.. - Forest systemy uszczelnie\u0144 sp. z o.o.\",\"isPartOf\":{\"@id\":\"http:\\\/\\\/forestsystemyuszczelnien.pl\\\/en\\\/#website\"},\"primaryImageOfPage\":{\"@id\":\"http:\\\/\\\/forestsystemyuszczelnien.pl\\\/en\\\/produkt\\\/fartuch-epdm-075mm-wewnetrzny-z-klipsem-systemowym-tasma-butylowa-od-100-do-700-mm-25-m-b\\\/#primaryimage\"},\"image\":{\"@id\":\"http:\\\/\\\/forestsystemyuszczelnien.pl\\\/en\\\/produkt\\\/fartuch-epdm-075mm-wewnetrzny-z-klipsem-systemowym-tasma-butylowa-od-100-do-700-mm-25-m-b\\\/#primaryimage\"},\"thumbnailUrl\":\"http:\\\/\\\/forestsystemyuszczelnien.pl\\\/wp-content\\\/uploads\\\/2026\\\/04\\\/original_Fartuch-EPDM-0-75mm-zewnetrzny-z-klipsem-systemowym-tasma-butylowa-od-100-do-700-mm-25-m-b-_5B1355D_0c20274c9e34.jpg\",\"datePublished\":\"2026-04-09T20:15:55+00:00\",\"dateModified\":\"2026-04-09T20:15:57+00:00\",\"breadcrumb\":{\"@id\":\"http:\\\/\\\/forestsystemyuszczelnien.pl\\\/en\\\/produkt\\\/fartuch-epdm-075mm-wewnetrzny-z-klipsem-systemowym-tasma-butylowa-od-100-do-700-mm-25-m-b\\\/#breadcrumb\"},\"inLanguage\":\"en-US\",\"potentialAction\":[{\"@type\":\"ReadAction\",\"target\":[[\"http:\\\/\\\/forestsystemyuszczelnien.pl\\\/en\\\/produkt\\\/fartuch-epdm-075mm-wewnetrzny-z-klipsem-systemowym-tasma-butylowa-od-100-do-700-mm-25-m-b\\\/\"]]}]},{\"@type\":\"ImageObject\",\"inLanguage\":\"en-US\",\"@id\":\"http:\\\/\\\/forestsystemyuszczelnien.pl\\\/en\\\/produkt\\\/fartuch-epdm-075mm-wewnetrzny-z-klipsem-systemowym-tasma-butylowa-od-100-do-700-mm-25-m-b\\\/#primaryimage\",\"url\":\"http:\\\/\\\/forestsystemyuszczelnien.pl\\\/wp-content\\\/uploads\\\/2026\\\/04\\\/original_Fartuch-EPDM-0-75mm-zewnetrzny-z-klipsem-systemowym-tasma-butylowa-od-100-do-700-mm-25-m-b-_5B1355D_0c20274c9e34.jpg\",\"contentUrl\":\"http:\\\/\\\/forestsystemyuszczelnien.pl\\\/wp-content\\\/uploads\\\/2026\\\/04\\\/original_Fartuch-EPDM-0-75mm-zewnetrzny-z-klipsem-systemowym-tasma-butylowa-od-100-do-700-mm-25-m-b-_5B1355D_0c20274c9e34.jpg\",\"width\":1031,\"height\":630},{\"@type\":\"BreadcrumbList\",\"@id\":\"http:\\\/\\\/forestsystemyuszczelnien.pl\\\/en\\\/produkt\\\/fartuch-epdm-075mm-wewnetrzny-z-klipsem-systemowym-tasma-butylowa-od-100-do-700-mm-25-m-b\\\/#breadcrumb\",\"itemListElement\":[{\"@type\":\"ListItem\",\"position\":1,\"name\":\"Strona g\u0142\u00f3wna\",\"item\":\"http:\\\/\\\/forestsystemyuszczelnien.pl\\\/en\\\/\"},{\"@type\":\"ListItem\",\"position\":2,\"name\":\"Sklep\",\"item\":\"http:\\\/\\\/forestsystemyuszczelnien.pl\\\/en\\\/sklep\\\/\"},{\"@type\":\"ListItem\",\"position\":3,\"name\":\"Fartuch EPDM 0,75mm wewn\u0119trzny z klipsem systemowym + ta\u015bma butylowa od 100 do 700 mm &#8211; 25 m.b..\"}]},{\"@type\":\"WebSite\",\"@id\":\"http:\\\/\\\/forestsystemyuszczelnien.pl\\\/en\\\/#website\",\"url\":\"http:\\\/\\\/forestsystemyuszczelnien.pl\\\/en\\\/\",\"name\":\"Forest systemy uszczelnie\u0144 sp. z o.o.\",\"description\":\"Sealing systems\",\"publisher\":{\"@id\":\"http:\\\/\\\/forestsystemyuszczelnien.pl\\\/en\\\/#organization\"},\"potentialAction\":[{\"@type\":\"SearchAction\",\"target\":{\"@type\":\"EntryPoint\",\"urlTemplate\":\"http:\\\/\\\/forestsystemyuszczelnien.pl\\\/en\\\/?s={search_term_string}\"},\"query-input\":{\"@type\":\"PropertyValueSpecification\",\"valueRequired\":true,\"valueName\":\"search_term_string\"}}],\"inLanguage\":\"en-US\"},{\"@type\":\"Organization\",\"@id\":\"http:\\\/\\\/forestsystemyuszczelnien.pl\\\/en\\\/#organization\",\"name\":\"Forest-SC\",\"url\":\"http:\\\/\\\/forestsystemyuszczelnien.pl\\\/en\\\/\",\"logo\":{\"@type\":\"ImageObject\",\"inLanguage\":\"en-US\",\"@id\":\"http:\\\/\\\/forestsystemyuszczelnien.pl\\\/en\\\/#\\\/schema\\\/logo\\\/image\\\/\",\"url\":\"http:\\\/\\\/forest-sc.pl\\\/wp-content\\\/uploads\\\/2017\\\/09\\\/logo.png\",\"contentUrl\":\"http:\\\/\\\/forest-sc.pl\\\/wp-content\\\/uploads\\\/2017\\\/09\\\/logo.png\",\"width\":160,\"height\":36,\"caption\":\"Forest-SC\"},\"image\":{\"@id\":\"http:\\\/\\\/forestsystemyuszczelnien.pl\\\/en\\\/#\\\/schema\\\/logo\\\/image\\\/\"}}]}<\/script>\n<!-- \/ Yoast SEO plugin. -->","yoast_head_json":{"title":"Fartuch EPDM 0,75mm wewn\u0119trzny z klipsem systemowym + ta\u015bma butylowa od 100 do 700 mm - 25 m.b.. - Forest systemy uszczelnie\u0144 sp. z o.o.","robots":{"index":"index","follow":"follow","max-snippet":"max-snippet:-1","max-image-preview":"max-image-preview:large","max-video-preview":"max-video-preview:-1"},"canonical":"http:\/\/forestsystemyuszczelnien.pl\/en\/produkt\/fartuch-epdm-075mm-wewnetrzny-z-klipsem-systemowym-tasma-butylowa-od-100-do-700-mm-25-m-b\/","og_locale":"en_US","og_type":"article","og_title":"Fartuch EPDM 0,75mm wewn\u0119trzny z klipsem systemowym + ta\u015bma butylowa od 100 do 700 mm - 25 m.b.. - Forest systemy uszczelnie\u0144 sp. z o.o.","og_description":"OPIS: FOLIA EPDM wewn\u0119trzny, paroszczelny o grubo\u015bci 0,75 mm i d\u0142ugo\u015bci 25mb (rolka) z klipsem systemowym oraz paskiem butylu do przyklejenia do muru. Zastosowanie do fasad aluminiowych. Mo\u017cemy dobra\u0107 odpowiedni ...","og_url":"http:\/\/forestsystemyuszczelnien.pl\/en\/produkt\/fartuch-epdm-075mm-wewnetrzny-z-klipsem-systemowym-tasma-butylowa-od-100-do-700-mm-25-m-b\/","og_site_name":"Forest systemy uszczelnie\u0144 sp. z o.o.","article_modified_time":"2026-04-09T20:15:57+00:00","og_image":[{"width":1031,"height":630,"url":"http:\/\/forestsystemyuszczelnien.pl\/wp-content\/uploads\/2026\/04\/original_Fartuch-EPDM-0-75mm-zewnetrzny-z-klipsem-systemowym-tasma-butylowa-od-100-do-700-mm-25-m-b-_5B1355D_0c20274c9e34.jpg","type":"image\/jpeg"}],"twitter_card":"summary_large_image","twitter_misc":{"Est. reading time":"2 minutes"},"schema":{"@context":"https:\/\/schema.org","@graph":[{"@type":"WebPage","@id":"http:\/\/forestsystemyuszczelnien.pl\/en\/produkt\/fartuch-epdm-075mm-wewnetrzny-z-klipsem-systemowym-tasma-butylowa-od-100-do-700-mm-25-m-b\/","url":"http:\/\/forestsystemyuszczelnien.pl\/en\/produkt\/fartuch-epdm-075mm-wewnetrzny-z-klipsem-systemowym-tasma-butylowa-od-100-do-700-mm-25-m-b\/","name":"Fartuch EPDM 0,75mm wewn\u0119trzny z klipsem systemowym + ta\u015bma butylowa od 100 do 700 mm - 25 m.b.. - Forest systemy uszczelnie\u0144 sp. z o.o.","isPartOf":{"@id":"http:\/\/forestsystemyuszczelnien.pl\/en\/#website"},"primaryImageOfPage":{"@id":"http:\/\/forestsystemyuszczelnien.pl\/en\/produkt\/fartuch-epdm-075mm-wewnetrzny-z-klipsem-systemowym-tasma-butylowa-od-100-do-700-mm-25-m-b\/#primaryimage"},"image":{"@id":"http:\/\/forestsystemyuszczelnien.pl\/en\/produkt\/fartuch-epdm-075mm-wewnetrzny-z-klipsem-systemowym-tasma-butylowa-od-100-do-700-mm-25-m-b\/#primaryimage"},"thumbnailUrl":"http:\/\/forestsystemyuszczelnien.pl\/wp-content\/uploads\/2026\/04\/original_Fartuch-EPDM-0-75mm-zewnetrzny-z-klipsem-systemowym-tasma-butylowa-od-100-do-700-mm-25-m-b-_5B1355D_0c20274c9e34.jpg","datePublished":"2026-04-09T20:15:55+00:00","dateModified":"2026-04-09T20:15:57+00:00","breadcrumb":{"@id":"http:\/\/forestsystemyuszczelnien.pl\/en\/produkt\/fartuch-epdm-075mm-wewnetrzny-z-klipsem-systemowym-tasma-butylowa-od-100-do-700-mm-25-m-b\/#breadcrumb"},"inLanguage":"en-US","potentialAction":[{"@type":"ReadAction","target":[["http:\/\/forestsystemyuszczelnien.pl\/en\/produkt\/fartuch-epdm-075mm-wewnetrzny-z-klipsem-systemowym-tasma-butylowa-od-100-do-700-mm-25-m-b\/"]]}]},{"@type":"ImageObject","inLanguage":"en-US","@id":"http:\/\/forestsystemyuszczelnien.pl\/en\/produkt\/fartuch-epdm-075mm-wewnetrzny-z-klipsem-systemowym-tasma-butylowa-od-100-do-700-mm-25-m-b\/#primaryimage","url":"http:\/\/forestsystemyuszczelnien.pl\/wp-content\/uploads\/2026\/04\/original_Fartuch-EPDM-0-75mm-zewnetrzny-z-klipsem-systemowym-tasma-butylowa-od-100-do-700-mm-25-m-b-_5B1355D_0c20274c9e34.jpg","contentUrl":"http:\/\/forestsystemyuszczelnien.pl\/wp-content\/uploads\/2026\/04\/original_Fartuch-EPDM-0-75mm-zewnetrzny-z-klipsem-systemowym-tasma-butylowa-od-100-do-700-mm-25-m-b-_5B1355D_0c20274c9e34.jpg","width":1031,"height":630},{"@type":"BreadcrumbList","@id":"http:\/\/forestsystemyuszczelnien.pl\/en\/produkt\/fartuch-epdm-075mm-wewnetrzny-z-klipsem-systemowym-tasma-butylowa-od-100-do-700-mm-25-m-b\/#breadcrumb","itemListElement":[{"@type":"ListItem","position":1,"name":"Strona g\u0142\u00f3wna","item":"http:\/\/forestsystemyuszczelnien.pl\/en\/"},{"@type":"ListItem","position":2,"name":"Sklep","item":"http:\/\/forestsystemyuszczelnien.pl\/en\/sklep\/"},{"@type":"ListItem","position":3,"name":"Fartuch EPDM 0,75mm wewn\u0119trzny z klipsem systemowym + ta\u015bma butylowa od 100 do 700 mm &#8211; 25 m.b.."}]},{"@type":"WebSite","@id":"http:\/\/forestsystemyuszczelnien.pl\/en\/#website","url":"http:\/\/forestsystemyuszczelnien.pl\/en\/","name":"Forest systemy uszczelnie\u0144 sp. z o.o.","description":"Sealing systems","publisher":{"@id":"http:\/\/forestsystemyuszczelnien.pl\/en\/#organization"},"potentialAction":[{"@type":"SearchAction","target":{"@type":"EntryPoint","urlTemplate":"http:\/\/forestsystemyuszczelnien.pl\/en\/?s={search_term_string}"},"query-input":{"@type":"PropertyValueSpecification","valueRequired":true,"valueName":"search_term_string"}}],"inLanguage":"en-US"},{"@type":"Organization","@id":"http:\/\/forestsystemyuszczelnien.pl\/en\/#organization","name":"Forest-SC","url":"http:\/\/forestsystemyuszczelnien.pl\/en\/","logo":{"@type":"ImageObject","inLanguage":"en-US","@id":"http:\/\/forestsystemyuszczelnien.pl\/en\/#\/schema\/logo\/image\/","url":"http:\/\/forest-sc.pl\/wp-content\/uploads\/2017\/09\/logo.png","contentUrl":"http:\/\/forest-sc.pl\/wp-content\/uploads\/2017\/09\/logo.png","width":160,"height":36,"caption":"Forest-SC"},"image":{"@id":"http:\/\/forestsystemyuszczelnien.pl\/en\/#\/schema\/logo\/image\/"}}]}},"_links":{"self":[{"href":"http:\/\/forestsystemyuszczelnien.pl\/en\/wp-json\/wp\/v2\/product\/2129","targetHints":{"allow":["GET"]}}],"collection":[{"href":"http:\/\/forestsystemyuszczelnien.pl\/en\/wp-json\/wp\/v2\/product"}],"about":[{"href":"http:\/\/forestsystemyuszczelnien.pl\/en\/wp-json\/wp\/v2\/types\/product"}],"replies":[{"embeddable":true,"href":"http:\/\/forestsystemyuszczelnien.pl\/en\/wp-json\/wp\/v2\/comments?post=2129"}],"wp:featuredmedia":[{"embeddable":true,"href":"http:\/\/forestsystemyuszczelnien.pl\/en\/wp-json\/wp\/v2\/media\/2128"}],"wp:attachment":[{"href":"http:\/\/forestsystemyuszczelnien.pl\/en\/wp-json\/wp\/v2\/media?parent=2129"}],"wp:term":[{"taxonomy":"product_brand","embeddable":true,"href":"http:\/\/forestsystemyuszczelnien.pl\/en\/wp-json\/wp\/v2\/product_brand?post=2129"},{"taxonomy":"product_cat","embeddable":true,"href":"http:\/\/forestsystemyuszczelnien.pl\/en\/wp-json\/wp\/v2\/product_cat?post=2129"},{"taxonomy":"product_tag","embeddable":true,"href":"http:\/\/forestsystemyuszczelnien.pl\/en\/wp-json\/wp\/v2\/product_tag?post=2129"}],"curies":[{"name":"wp","href":"https:\/\/api.w.org\/{rel}","templated":true}]}}