{"id":2145,"date":"2026-04-09T20:16:01","date_gmt":"2026-04-09T20:16:01","guid":{"rendered":"https:\/\/forestsystemyuszczelnien.pl\/produkt\/fartuch-epdm-075mm-zewnetrzny-z-dwoma-paskami-tasmy-butylowej-od-100-do-500-mm-25-m-b\/"},"modified":"2026-04-09T20:16:05","modified_gmt":"2026-04-09T20:16:05","slug":"fartuch-epdm-075mm-zewnetrzny-z-dwoma-paskami-tasmy-butylowej-od-100-do-500-mm-25-m-b","status":"publish","type":"product","link":"http:\/\/forestsystemyuszczelnien.pl\/en\/produkt\/fartuch-epdm-075mm-zewnetrzny-z-dwoma-paskami-tasmy-butylowej-od-100-do-500-mm-25-m-b\/","title":{"rendered":"Fartuch EPDM 0,75mm zewn\u0119trzny z dwoma paskami ta\u015bmy butylowej od 100 do 500 mm &#8211; 25 m.b.."},"content":{"rendered":"<h2 style=\"text-align: center;\" class=\"def\">Membrana zewn\u0119trzna EPDM 0,75 z dwoma paskami ta\u015bmy butylowej&nbsp;<\/h2>\n<h2 style=\"text-align: center;\" class=\"def\">od 100 do 500 mm &#8211; 25 m.b.<\/h2>\n<p class=\"def\">&nbsp;<\/p>\n<p class=\"def\">EPDM z butylem w wersji paroprzepuszczalnej na zewn\u0105trz budynku, do wszelkich zastosowa\u0144 uszczelniaj\u0105cych, hydroizolacji przy progach drzwi wej\u015bciowych, balkonach, HST czy PSK. Ta\u015bma EPDM uzbrojona jest w dwa paseki butylu o szeroko\u015bci 15,30 lub 50 mm w dowolnej konfiguracji. Rolka ma d\u0142ugo\u015b\u0107 25 metr\u00f3w bie\u017c\u0105cych. Szeroko\u015b\u0107 do wyboru od 100 do 500 mm.<\/p>\n<p class=\"def\">&nbsp;<\/p>\n<h3 class=\"def\">Zalety EPDM z dwoma paskami butylu<\/h3>\n<p class=\"def\">&nbsp;&#8211; bardzo dobra elastyczno\u015b\u0107 przy zachowaniu wysokiej wytrzyma\u0142o\u015bci materia\u0142u<\/p>\n<p class=\"def\">&nbsp;&#8211; ca\u0142kowicie wodoodporny<\/p>\n<p class=\"def\">&nbsp;&#8211; pami\u0119\u0107 kszta\u0142tu<\/p>\n<p class=\"def\">&nbsp;&#8211; odporny na uszkodzenia mechaniczne i zu\u017cycie<\/p>\n<p class=\"def\">&nbsp;&#8211; wysoka odporno\u015b\u0107 na promieniowanie UV<\/p>\n<p class=\"def\">&nbsp;&#8211;&nbsp;zachowuje swoje w\u0142a\u015bciwo\u015bci nawet po latach eksploatacji<\/p>\n<p class=\"def\">&nbsp;&#8211; brak konieczno\u015bci wykonywania prac naprawczych i konserwacyjnych<\/p>\n<p class=\"def\">&nbsp;&#8211; oboj\u0119tny na dzia\u0142anie mikroorganizm\u00f3w<\/p>\n<p class=\"def\">&nbsp;&#8211; mo\u017ce by\u0107 stosowany przy budowie zielonych dach\u00f3w oraz instalacji fotowoltaicznych<\/p>\n<p class=\"def\">&nbsp;&#8211; montowanie w temperaturach poni\u017cej zera<\/p>\n<p class=\"def\">&nbsp;<\/p>\n<h3 class=\"def\">Zastosowanie EPDM<\/h3>\n<p class=\"def\">&nbsp;&#8211; uszczelnianie okien i drzwi<\/p>\n<p class=\"def\">&nbsp;&#8211; hydroizolacja taras\u00f3w, balkon\u00f3w, piwnic<\/p>\n<p class=\"def\">&nbsp;&#8211; izolacja piwnic<\/p>\n<p class=\"def\">&nbsp;&#8211; os\u0142ona kabli elektrycznych<\/p>\n<p class=\"def\">&nbsp;&#8211; konstrukcje fasadowe<\/p>\n","protected":false},"excerpt":{"rendered":"<p>Membrana zewn\u0119trzna EPDM 0,75 z dwoma paskami ta\u015bmy butylowej&nbsp; od 100 do 500 mm &#8211; 25 m.b. &nbsp; EPDM z butylem w wersji paroprzepuszczalnej na zewn\u0105trz budynku, do wszelkich zastosowa\u0144 &#8230;<\/p>\n","protected":false},"featured_media":2144,"comment_status":"open","ping_status":"closed","template":"","meta":[],"product_brand":[],"product_cat":[64],"product_tag":[],"class_list":{"0":"post-2145","1":"product","2":"type-product","3":"status-publish","4":"has-post-thumbnail","6":"product_cat-zewnetrzne","8":"first","9":"instock","10":"shipping-taxable","11":"purchasable","12":"product-type-simple"},"yoast_head":"<!-- This site is optimized with the Yoast SEO plugin v27.3 - https:\/\/yoast.com\/product\/yoast-seo-wordpress\/ -->\n<title>Fartuch EPDM 0,75mm zewn\u0119trzny z dwoma paskami ta\u015bmy butylowej od 100 do 500 mm - 25 m.b.. - Forest systemy uszczelnie\u0144 sp. z o.o.<\/title>\n<meta name=\"robots\" content=\"index, follow, max-snippet:-1, max-image-preview:large, max-video-preview:-1\" \/>\n<link rel=\"canonical\" href=\"http:\/\/forestsystemyuszczelnien.pl\/en\/produkt\/fartuch-epdm-075mm-zewnetrzny-z-dwoma-paskami-tasmy-butylowej-od-100-do-500-mm-25-m-b\/\" \/>\n<meta property=\"og:locale\" content=\"en_US\" \/>\n<meta property=\"og:type\" content=\"article\" \/>\n<meta property=\"og:title\" content=\"Fartuch EPDM 0,75mm zewn\u0119trzny z dwoma paskami ta\u015bmy butylowej od 100 do 500 mm - 25 m.b.. - Forest systemy uszczelnie\u0144 sp. z o.o.\" \/>\n<meta property=\"og:description\" content=\"Membrana zewn\u0119trzna EPDM 0,75 z dwoma paskami ta\u015bmy butylowej&nbsp; od 100 do 500 mm &#8211; 25 m.b. &nbsp; EPDM z butylem w wersji paroprzepuszczalnej na zewn\u0105trz budynku, do wszelkich zastosowa\u0144 ...\" \/>\n<meta property=\"og:url\" content=\"http:\/\/forestsystemyuszczelnien.pl\/en\/produkt\/fartuch-epdm-075mm-zewnetrzny-z-dwoma-paskami-tasmy-butylowej-od-100-do-500-mm-25-m-b\/\" \/>\n<meta property=\"og:site_name\" content=\"Forest systemy uszczelnie\u0144 sp. z o.o.\" \/>\n<meta property=\"article:modified_time\" content=\"2026-04-09T20:16:05+00:00\" \/>\n<meta property=\"og:image\" content=\"http:\/\/forestsystemyuszczelnien.pl\/wp-content\/uploads\/2026\/04\/original_Fartuch-EPDM-0-75mm-zewnetrzny-z-tasma-butylowa-od-100-do-500-mm-25-m-b-_5B1425D_0c20274c9e34.jpg\" \/>\n\t<meta property=\"og:image:width\" content=\"475\" \/>\n\t<meta property=\"og:image:height\" content=\"233\" \/>\n\t<meta property=\"og:image:type\" content=\"image\/jpeg\" \/>\n<meta name=\"twitter:card\" content=\"summary_large_image\" \/>\n<meta name=\"twitter:label1\" content=\"Est. reading time\" \/>\n\t<meta name=\"twitter:data1\" content=\"1 minute\" \/>\n<script type=\"application\/ld+json\" class=\"yoast-schema-graph\">{\"@context\":\"https:\\\/\\\/schema.org\",\"@graph\":[{\"@type\":\"WebPage\",\"@id\":\"http:\\\/\\\/forestsystemyuszczelnien.pl\\\/en\\\/produkt\\\/fartuch-epdm-075mm-zewnetrzny-z-dwoma-paskami-tasmy-butylowej-od-100-do-500-mm-25-m-b\\\/\",\"url\":\"http:\\\/\\\/forestsystemyuszczelnien.pl\\\/en\\\/produkt\\\/fartuch-epdm-075mm-zewnetrzny-z-dwoma-paskami-tasmy-butylowej-od-100-do-500-mm-25-m-b\\\/\",\"name\":\"Fartuch EPDM 0,75mm zewn\u0119trzny z dwoma paskami ta\u015bmy butylowej od 100 do 500 mm - 25 m.b.. - Forest systemy uszczelnie\u0144 sp. z o.o.\",\"isPartOf\":{\"@id\":\"http:\\\/\\\/forestsystemyuszczelnien.pl\\\/en\\\/#website\"},\"primaryImageOfPage\":{\"@id\":\"http:\\\/\\\/forestsystemyuszczelnien.pl\\\/en\\\/produkt\\\/fartuch-epdm-075mm-zewnetrzny-z-dwoma-paskami-tasmy-butylowej-od-100-do-500-mm-25-m-b\\\/#primaryimage\"},\"image\":{\"@id\":\"http:\\\/\\\/forestsystemyuszczelnien.pl\\\/en\\\/produkt\\\/fartuch-epdm-075mm-zewnetrzny-z-dwoma-paskami-tasmy-butylowej-od-100-do-500-mm-25-m-b\\\/#primaryimage\"},\"thumbnailUrl\":\"http:\\\/\\\/forestsystemyuszczelnien.pl\\\/wp-content\\\/uploads\\\/2026\\\/04\\\/original_Fartuch-EPDM-0-75mm-zewnetrzny-z-tasma-butylowa-od-100-do-500-mm-25-m-b-_5B1425D_0c20274c9e34.jpg\",\"datePublished\":\"2026-04-09T20:16:01+00:00\",\"dateModified\":\"2026-04-09T20:16:05+00:00\",\"breadcrumb\":{\"@id\":\"http:\\\/\\\/forestsystemyuszczelnien.pl\\\/en\\\/produkt\\\/fartuch-epdm-075mm-zewnetrzny-z-dwoma-paskami-tasmy-butylowej-od-100-do-500-mm-25-m-b\\\/#breadcrumb\"},\"inLanguage\":\"en-US\",\"potentialAction\":[{\"@type\":\"ReadAction\",\"target\":[[\"http:\\\/\\\/forestsystemyuszczelnien.pl\\\/en\\\/produkt\\\/fartuch-epdm-075mm-zewnetrzny-z-dwoma-paskami-tasmy-butylowej-od-100-do-500-mm-25-m-b\\\/\"]]}]},{\"@type\":\"ImageObject\",\"inLanguage\":\"en-US\",\"@id\":\"http:\\\/\\\/forestsystemyuszczelnien.pl\\\/en\\\/produkt\\\/fartuch-epdm-075mm-zewnetrzny-z-dwoma-paskami-tasmy-butylowej-od-100-do-500-mm-25-m-b\\\/#primaryimage\",\"url\":\"http:\\\/\\\/forestsystemyuszczelnien.pl\\\/wp-content\\\/uploads\\\/2026\\\/04\\\/original_Fartuch-EPDM-0-75mm-zewnetrzny-z-tasma-butylowa-od-100-do-500-mm-25-m-b-_5B1425D_0c20274c9e34.jpg\",\"contentUrl\":\"http:\\\/\\\/forestsystemyuszczelnien.pl\\\/wp-content\\\/uploads\\\/2026\\\/04\\\/original_Fartuch-EPDM-0-75mm-zewnetrzny-z-tasma-butylowa-od-100-do-500-mm-25-m-b-_5B1425D_0c20274c9e34.jpg\",\"width\":475,\"height\":233},{\"@type\":\"BreadcrumbList\",\"@id\":\"http:\\\/\\\/forestsystemyuszczelnien.pl\\\/en\\\/produkt\\\/fartuch-epdm-075mm-zewnetrzny-z-dwoma-paskami-tasmy-butylowej-od-100-do-500-mm-25-m-b\\\/#breadcrumb\",\"itemListElement\":[{\"@type\":\"ListItem\",\"position\":1,\"name\":\"Strona g\u0142\u00f3wna\",\"item\":\"http:\\\/\\\/forestsystemyuszczelnien.pl\\\/en\\\/\"},{\"@type\":\"ListItem\",\"position\":2,\"name\":\"Sklep\",\"item\":\"http:\\\/\\\/forestsystemyuszczelnien.pl\\\/en\\\/sklep\\\/\"},{\"@type\":\"ListItem\",\"position\":3,\"name\":\"Fartuch EPDM 0,75mm zewn\u0119trzny z dwoma paskami ta\u015bmy butylowej od 100 do 500 mm &#8211; 25 m.b..\"}]},{\"@type\":\"WebSite\",\"@id\":\"http:\\\/\\\/forestsystemyuszczelnien.pl\\\/en\\\/#website\",\"url\":\"http:\\\/\\\/forestsystemyuszczelnien.pl\\\/en\\\/\",\"name\":\"Forest systemy uszczelnie\u0144 sp. z o.o.\",\"description\":\"Sealing systems\",\"publisher\":{\"@id\":\"http:\\\/\\\/forestsystemyuszczelnien.pl\\\/en\\\/#organization\"},\"potentialAction\":[{\"@type\":\"SearchAction\",\"target\":{\"@type\":\"EntryPoint\",\"urlTemplate\":\"http:\\\/\\\/forestsystemyuszczelnien.pl\\\/en\\\/?s={search_term_string}\"},\"query-input\":{\"@type\":\"PropertyValueSpecification\",\"valueRequired\":true,\"valueName\":\"search_term_string\"}}],\"inLanguage\":\"en-US\"},{\"@type\":\"Organization\",\"@id\":\"http:\\\/\\\/forestsystemyuszczelnien.pl\\\/en\\\/#organization\",\"name\":\"Forest-SC\",\"url\":\"http:\\\/\\\/forestsystemyuszczelnien.pl\\\/en\\\/\",\"logo\":{\"@type\":\"ImageObject\",\"inLanguage\":\"en-US\",\"@id\":\"http:\\\/\\\/forestsystemyuszczelnien.pl\\\/en\\\/#\\\/schema\\\/logo\\\/image\\\/\",\"url\":\"http:\\\/\\\/forest-sc.pl\\\/wp-content\\\/uploads\\\/2017\\\/09\\\/logo.png\",\"contentUrl\":\"http:\\\/\\\/forest-sc.pl\\\/wp-content\\\/uploads\\\/2017\\\/09\\\/logo.png\",\"width\":160,\"height\":36,\"caption\":\"Forest-SC\"},\"image\":{\"@id\":\"http:\\\/\\\/forestsystemyuszczelnien.pl\\\/en\\\/#\\\/schema\\\/logo\\\/image\\\/\"}}]}<\/script>\n<!-- \/ Yoast SEO plugin. -->","yoast_head_json":{"title":"Fartuch EPDM 0,75mm zewn\u0119trzny z dwoma paskami ta\u015bmy butylowej od 100 do 500 mm - 25 m.b.. - Forest systemy uszczelnie\u0144 sp. z o.o.","robots":{"index":"index","follow":"follow","max-snippet":"max-snippet:-1","max-image-preview":"max-image-preview:large","max-video-preview":"max-video-preview:-1"},"canonical":"http:\/\/forestsystemyuszczelnien.pl\/en\/produkt\/fartuch-epdm-075mm-zewnetrzny-z-dwoma-paskami-tasmy-butylowej-od-100-do-500-mm-25-m-b\/","og_locale":"en_US","og_type":"article","og_title":"Fartuch EPDM 0,75mm zewn\u0119trzny z dwoma paskami ta\u015bmy butylowej od 100 do 500 mm - 25 m.b.. - Forest systemy uszczelnie\u0144 sp. z o.o.","og_description":"Membrana zewn\u0119trzna EPDM 0,75 z dwoma paskami ta\u015bmy butylowej&nbsp; od 100 do 500 mm &#8211; 25 m.b. &nbsp; EPDM z butylem w wersji paroprzepuszczalnej na zewn\u0105trz budynku, do wszelkich zastosowa\u0144 ...","og_url":"http:\/\/forestsystemyuszczelnien.pl\/en\/produkt\/fartuch-epdm-075mm-zewnetrzny-z-dwoma-paskami-tasmy-butylowej-od-100-do-500-mm-25-m-b\/","og_site_name":"Forest systemy uszczelnie\u0144 sp. z o.o.","article_modified_time":"2026-04-09T20:16:05+00:00","og_image":[{"width":475,"height":233,"url":"http:\/\/forestsystemyuszczelnien.pl\/wp-content\/uploads\/2026\/04\/original_Fartuch-EPDM-0-75mm-zewnetrzny-z-tasma-butylowa-od-100-do-500-mm-25-m-b-_5B1425D_0c20274c9e34.jpg","type":"image\/jpeg"}],"twitter_card":"summary_large_image","twitter_misc":{"Est. reading time":"1 minute"},"schema":{"@context":"https:\/\/schema.org","@graph":[{"@type":"WebPage","@id":"http:\/\/forestsystemyuszczelnien.pl\/en\/produkt\/fartuch-epdm-075mm-zewnetrzny-z-dwoma-paskami-tasmy-butylowej-od-100-do-500-mm-25-m-b\/","url":"http:\/\/forestsystemyuszczelnien.pl\/en\/produkt\/fartuch-epdm-075mm-zewnetrzny-z-dwoma-paskami-tasmy-butylowej-od-100-do-500-mm-25-m-b\/","name":"Fartuch EPDM 0,75mm zewn\u0119trzny z dwoma paskami ta\u015bmy butylowej od 100 do 500 mm - 25 m.b.. - Forest systemy uszczelnie\u0144 sp. z o.o.","isPartOf":{"@id":"http:\/\/forestsystemyuszczelnien.pl\/en\/#website"},"primaryImageOfPage":{"@id":"http:\/\/forestsystemyuszczelnien.pl\/en\/produkt\/fartuch-epdm-075mm-zewnetrzny-z-dwoma-paskami-tasmy-butylowej-od-100-do-500-mm-25-m-b\/#primaryimage"},"image":{"@id":"http:\/\/forestsystemyuszczelnien.pl\/en\/produkt\/fartuch-epdm-075mm-zewnetrzny-z-dwoma-paskami-tasmy-butylowej-od-100-do-500-mm-25-m-b\/#primaryimage"},"thumbnailUrl":"http:\/\/forestsystemyuszczelnien.pl\/wp-content\/uploads\/2026\/04\/original_Fartuch-EPDM-0-75mm-zewnetrzny-z-tasma-butylowa-od-100-do-500-mm-25-m-b-_5B1425D_0c20274c9e34.jpg","datePublished":"2026-04-09T20:16:01+00:00","dateModified":"2026-04-09T20:16:05+00:00","breadcrumb":{"@id":"http:\/\/forestsystemyuszczelnien.pl\/en\/produkt\/fartuch-epdm-075mm-zewnetrzny-z-dwoma-paskami-tasmy-butylowej-od-100-do-500-mm-25-m-b\/#breadcrumb"},"inLanguage":"en-US","potentialAction":[{"@type":"ReadAction","target":[["http:\/\/forestsystemyuszczelnien.pl\/en\/produkt\/fartuch-epdm-075mm-zewnetrzny-z-dwoma-paskami-tasmy-butylowej-od-100-do-500-mm-25-m-b\/"]]}]},{"@type":"ImageObject","inLanguage":"en-US","@id":"http:\/\/forestsystemyuszczelnien.pl\/en\/produkt\/fartuch-epdm-075mm-zewnetrzny-z-dwoma-paskami-tasmy-butylowej-od-100-do-500-mm-25-m-b\/#primaryimage","url":"http:\/\/forestsystemyuszczelnien.pl\/wp-content\/uploads\/2026\/04\/original_Fartuch-EPDM-0-75mm-zewnetrzny-z-tasma-butylowa-od-100-do-500-mm-25-m-b-_5B1425D_0c20274c9e34.jpg","contentUrl":"http:\/\/forestsystemyuszczelnien.pl\/wp-content\/uploads\/2026\/04\/original_Fartuch-EPDM-0-75mm-zewnetrzny-z-tasma-butylowa-od-100-do-500-mm-25-m-b-_5B1425D_0c20274c9e34.jpg","width":475,"height":233},{"@type":"BreadcrumbList","@id":"http:\/\/forestsystemyuszczelnien.pl\/en\/produkt\/fartuch-epdm-075mm-zewnetrzny-z-dwoma-paskami-tasmy-butylowej-od-100-do-500-mm-25-m-b\/#breadcrumb","itemListElement":[{"@type":"ListItem","position":1,"name":"Strona g\u0142\u00f3wna","item":"http:\/\/forestsystemyuszczelnien.pl\/en\/"},{"@type":"ListItem","position":2,"name":"Sklep","item":"http:\/\/forestsystemyuszczelnien.pl\/en\/sklep\/"},{"@type":"ListItem","position":3,"name":"Fartuch EPDM 0,75mm zewn\u0119trzny z dwoma paskami ta\u015bmy butylowej od 100 do 500 mm &#8211; 25 m.b.."}]},{"@type":"WebSite","@id":"http:\/\/forestsystemyuszczelnien.pl\/en\/#website","url":"http:\/\/forestsystemyuszczelnien.pl\/en\/","name":"Forest systemy uszczelnie\u0144 sp. z o.o.","description":"Sealing systems","publisher":{"@id":"http:\/\/forestsystemyuszczelnien.pl\/en\/#organization"},"potentialAction":[{"@type":"SearchAction","target":{"@type":"EntryPoint","urlTemplate":"http:\/\/forestsystemyuszczelnien.pl\/en\/?s={search_term_string}"},"query-input":{"@type":"PropertyValueSpecification","valueRequired":true,"valueName":"search_term_string"}}],"inLanguage":"en-US"},{"@type":"Organization","@id":"http:\/\/forestsystemyuszczelnien.pl\/en\/#organization","name":"Forest-SC","url":"http:\/\/forestsystemyuszczelnien.pl\/en\/","logo":{"@type":"ImageObject","inLanguage":"en-US","@id":"http:\/\/forestsystemyuszczelnien.pl\/en\/#\/schema\/logo\/image\/","url":"http:\/\/forest-sc.pl\/wp-content\/uploads\/2017\/09\/logo.png","contentUrl":"http:\/\/forest-sc.pl\/wp-content\/uploads\/2017\/09\/logo.png","width":160,"height":36,"caption":"Forest-SC"},"image":{"@id":"http:\/\/forestsystemyuszczelnien.pl\/en\/#\/schema\/logo\/image\/"}}]}},"_links":{"self":[{"href":"http:\/\/forestsystemyuszczelnien.pl\/en\/wp-json\/wp\/v2\/product\/2145","targetHints":{"allow":["GET"]}}],"collection":[{"href":"http:\/\/forestsystemyuszczelnien.pl\/en\/wp-json\/wp\/v2\/product"}],"about":[{"href":"http:\/\/forestsystemyuszczelnien.pl\/en\/wp-json\/wp\/v2\/types\/product"}],"replies":[{"embeddable":true,"href":"http:\/\/forestsystemyuszczelnien.pl\/en\/wp-json\/wp\/v2\/comments?post=2145"}],"wp:featuredmedia":[{"embeddable":true,"href":"http:\/\/forestsystemyuszczelnien.pl\/en\/wp-json\/wp\/v2\/media\/2144"}],"wp:attachment":[{"href":"http:\/\/forestsystemyuszczelnien.pl\/en\/wp-json\/wp\/v2\/media?parent=2145"}],"wp:term":[{"taxonomy":"product_brand","embeddable":true,"href":"http:\/\/forestsystemyuszczelnien.pl\/en\/wp-json\/wp\/v2\/product_brand?post=2145"},{"taxonomy":"product_cat","embeddable":true,"href":"http:\/\/forestsystemyuszczelnien.pl\/en\/wp-json\/wp\/v2\/product_cat?post=2145"},{"taxonomy":"product_tag","embeddable":true,"href":"http:\/\/forestsystemyuszczelnien.pl\/en\/wp-json\/wp\/v2\/product_tag?post=2145"}],"curies":[{"name":"wp","href":"https:\/\/api.w.org\/{rel}","templated":true}]}}