{"id":2190,"date":"2026-04-09T20:16:24","date_gmt":"2026-04-09T20:16:24","guid":{"rendered":"https:\/\/forestsystemyuszczelnien.pl\/produkt\/klej-adhesive-5000\/"},"modified":"2026-04-09T20:16:25","modified_gmt":"2026-04-09T20:16:25","slug":"klej-adhesive-5000","status":"publish","type":"product","link":"http:\/\/forestsystemyuszczelnien.pl\/en\/produkt\/klej-adhesive-5000\/","title":{"rendered":"Klej Adhesive 5000"},"content":{"rendered":"<p class=\"def\"><strong class=\"def\">Adhesive 5000 klej kontaktowy<\/strong><\/p>\n<p class=\"def\">Wyprodukowany na bazie syntetycznego kauczuku i syntetycznych \u017cywic. Nak\u0142adany na obie klejone powierzchnie za pomoc\u0105 p\u0119dzla lub wa\u0142ka odpornego na dzia\u0142anie rozpuszczalnik\u00f3w. Aplikacja kleju dozwolona jest w temperaturze powy\u017cej +5\u00b0C. Klej nadaje si\u0119 do trwa\u0142ego \u0142\u0105czenia membrany EPDM do poni\u017cszych pod\u0142o\u017cy: aluminium, stal, stal galwanizowana, ceg\u0142a, beton, beton kom\u00f3rkowy, o\u0142\u00f3w, drewno, butyl. Teoretyczne \u015brednie zu\u017cycie &#8211; ok. 0,5 kg\/m<sup class=\"def\">2<\/sup>.<br class=\"def\"><br \/>\nDo ewentualnego rozcie\u0144czenia kleju kontaktowego Adhesive 5000 w przypadku problem\u00f3w z jego nadmiern\u0105 g\u0119sto\u015bci\u0105 w ch\u0142odne lub zbyt upalne dni, kiedy nast\u0119puje zbyt szybkie odparowanie rozpuszczalnika i w zwi\u0105zku z tym szybkie wi\u0105zanie kleju, polecamy zastosowanie rozcie\u0144czalnika do kleju kontaktowego Toluen lub&nbsp;Cleaning Wash 9700 w stosunku 1:20 &#8211; 1:10. Po dok\u0142adnym wymieszaniu kleju z rozcie\u0144czalnikiem nale\u017cy nadal stosowa\u0107 si\u0119 do procedur zalecanych przez producenta szczeliwa.<br class=\"def\"><br \/>\nProdukt dost\u0119pny w kolorze czarnym.<\/p>\n<p class=\"def\"><strong class=\"def\">Opakowanie: puszka 4,2kg.<\/strong><\/p>\n","protected":false},"excerpt":{"rendered":"<p>Adhesive 5000 klej kontaktowy Wyprodukowany na bazie syntetycznego kauczuku i syntetycznych \u017cywic. Nak\u0142adany na obie klejone powierzchnie za pomoc\u0105 p\u0119dzla lub wa\u0142ka odpornego na dzia\u0142anie rozpuszczalnik\u00f3w. Aplikacja kleju dozwolona jest &#8230;<\/p>\n","protected":false},"featured_media":2189,"comment_status":"open","ping_status":"closed","template":"","meta":[],"product_brand":[],"product_cat":[65],"product_tag":[],"class_list":{"0":"post-2190","1":"product","2":"type-product","3":"status-publish","4":"has-post-thumbnail","6":"product_cat-kleje","8":"first","9":"instock","10":"shipping-taxable","11":"purchasable","12":"product-type-simple"},"yoast_head":"<!-- This site is optimized with the Yoast SEO plugin v27.3 - https:\/\/yoast.com\/product\/yoast-seo-wordpress\/ -->\n<title>Klej Adhesive 5000 - Forest systemy uszczelnie\u0144 sp. z o.o.<\/title>\n<meta name=\"robots\" content=\"index, follow, max-snippet:-1, max-image-preview:large, max-video-preview:-1\" \/>\n<link rel=\"canonical\" href=\"http:\/\/forestsystemyuszczelnien.pl\/en\/produkt\/klej-adhesive-5000\/\" \/>\n<meta property=\"og:locale\" content=\"en_US\" \/>\n<meta property=\"og:type\" content=\"article\" \/>\n<meta property=\"og:title\" content=\"Klej Adhesive 5000 - Forest systemy uszczelnie\u0144 sp. z o.o.\" \/>\n<meta property=\"og:description\" content=\"Adhesive 5000 klej kontaktowy Wyprodukowany na bazie syntetycznego kauczuku i syntetycznych \u017cywic. Nak\u0142adany na obie klejone powierzchnie za pomoc\u0105 p\u0119dzla lub wa\u0142ka odpornego na dzia\u0142anie rozpuszczalnik\u00f3w. Aplikacja kleju dozwolona jest ...\" \/>\n<meta property=\"og:url\" content=\"http:\/\/forestsystemyuszczelnien.pl\/en\/produkt\/klej-adhesive-5000\/\" \/>\n<meta property=\"og:site_name\" content=\"Forest systemy uszczelnie\u0144 sp. z o.o.\" \/>\n<meta property=\"article:modified_time\" content=\"2026-04-09T20:16:25+00:00\" \/>\n<meta property=\"og:image\" content=\"http:\/\/forestsystemyuszczelnien.pl\/wp-content\/uploads\/2026\/04\/original_Klej-Adhesive-5000_5B1805D_0c20274c9e34.jpg\" \/>\n\t<meta property=\"og:image:width\" content=\"447\" \/>\n\t<meta property=\"og:image:height\" content=\"389\" \/>\n\t<meta property=\"og:image:type\" content=\"image\/jpeg\" \/>\n<meta name=\"twitter:card\" content=\"summary_large_image\" \/>\n<meta name=\"twitter:label1\" content=\"Est. reading time\" \/>\n\t<meta name=\"twitter:data1\" content=\"1 minute\" \/>\n<script type=\"application\/ld+json\" class=\"yoast-schema-graph\">{\"@context\":\"https:\\\/\\\/schema.org\",\"@graph\":[{\"@type\":\"WebPage\",\"@id\":\"http:\\\/\\\/forestsystemyuszczelnien.pl\\\/en\\\/produkt\\\/klej-adhesive-5000\\\/\",\"url\":\"http:\\\/\\\/forestsystemyuszczelnien.pl\\\/en\\\/produkt\\\/klej-adhesive-5000\\\/\",\"name\":\"Klej Adhesive 5000 - Forest systemy uszczelnie\u0144 sp. z o.o.\",\"isPartOf\":{\"@id\":\"http:\\\/\\\/forestsystemyuszczelnien.pl\\\/en\\\/#website\"},\"primaryImageOfPage\":{\"@id\":\"http:\\\/\\\/forestsystemyuszczelnien.pl\\\/en\\\/produkt\\\/klej-adhesive-5000\\\/#primaryimage\"},\"image\":{\"@id\":\"http:\\\/\\\/forestsystemyuszczelnien.pl\\\/en\\\/produkt\\\/klej-adhesive-5000\\\/#primaryimage\"},\"thumbnailUrl\":\"http:\\\/\\\/forestsystemyuszczelnien.pl\\\/wp-content\\\/uploads\\\/2026\\\/04\\\/original_Klej-Adhesive-5000_5B1805D_0c20274c9e34.jpg\",\"datePublished\":\"2026-04-09T20:16:24+00:00\",\"dateModified\":\"2026-04-09T20:16:25+00:00\",\"breadcrumb\":{\"@id\":\"http:\\\/\\\/forestsystemyuszczelnien.pl\\\/en\\\/produkt\\\/klej-adhesive-5000\\\/#breadcrumb\"},\"inLanguage\":\"en-US\",\"potentialAction\":[{\"@type\":\"ReadAction\",\"target\":[[\"http:\\\/\\\/forestsystemyuszczelnien.pl\\\/en\\\/produkt\\\/klej-adhesive-5000\\\/\"]]}]},{\"@type\":\"ImageObject\",\"inLanguage\":\"en-US\",\"@id\":\"http:\\\/\\\/forestsystemyuszczelnien.pl\\\/en\\\/produkt\\\/klej-adhesive-5000\\\/#primaryimage\",\"url\":\"http:\\\/\\\/forestsystemyuszczelnien.pl\\\/wp-content\\\/uploads\\\/2026\\\/04\\\/original_Klej-Adhesive-5000_5B1805D_0c20274c9e34.jpg\",\"contentUrl\":\"http:\\\/\\\/forestsystemyuszczelnien.pl\\\/wp-content\\\/uploads\\\/2026\\\/04\\\/original_Klej-Adhesive-5000_5B1805D_0c20274c9e34.jpg\",\"width\":447,\"height\":389},{\"@type\":\"BreadcrumbList\",\"@id\":\"http:\\\/\\\/forestsystemyuszczelnien.pl\\\/en\\\/produkt\\\/klej-adhesive-5000\\\/#breadcrumb\",\"itemListElement\":[{\"@type\":\"ListItem\",\"position\":1,\"name\":\"Strona g\u0142\u00f3wna\",\"item\":\"http:\\\/\\\/forestsystemyuszczelnien.pl\\\/en\\\/\"},{\"@type\":\"ListItem\",\"position\":2,\"name\":\"Sklep\",\"item\":\"http:\\\/\\\/forestsystemyuszczelnien.pl\\\/en\\\/sklep\\\/\"},{\"@type\":\"ListItem\",\"position\":3,\"name\":\"Klej Adhesive 5000\"}]},{\"@type\":\"WebSite\",\"@id\":\"http:\\\/\\\/forestsystemyuszczelnien.pl\\\/en\\\/#website\",\"url\":\"http:\\\/\\\/forestsystemyuszczelnien.pl\\\/en\\\/\",\"name\":\"Forest systemy uszczelnie\u0144 sp. z o.o.\",\"description\":\"Sealing systems\",\"publisher\":{\"@id\":\"http:\\\/\\\/forestsystemyuszczelnien.pl\\\/en\\\/#organization\"},\"potentialAction\":[{\"@type\":\"SearchAction\",\"target\":{\"@type\":\"EntryPoint\",\"urlTemplate\":\"http:\\\/\\\/forestsystemyuszczelnien.pl\\\/en\\\/?s={search_term_string}\"},\"query-input\":{\"@type\":\"PropertyValueSpecification\",\"valueRequired\":true,\"valueName\":\"search_term_string\"}}],\"inLanguage\":\"en-US\"},{\"@type\":\"Organization\",\"@id\":\"http:\\\/\\\/forestsystemyuszczelnien.pl\\\/en\\\/#organization\",\"name\":\"Forest-SC\",\"url\":\"http:\\\/\\\/forestsystemyuszczelnien.pl\\\/en\\\/\",\"logo\":{\"@type\":\"ImageObject\",\"inLanguage\":\"en-US\",\"@id\":\"http:\\\/\\\/forestsystemyuszczelnien.pl\\\/en\\\/#\\\/schema\\\/logo\\\/image\\\/\",\"url\":\"http:\\\/\\\/forest-sc.pl\\\/wp-content\\\/uploads\\\/2017\\\/09\\\/logo.png\",\"contentUrl\":\"http:\\\/\\\/forest-sc.pl\\\/wp-content\\\/uploads\\\/2017\\\/09\\\/logo.png\",\"width\":160,\"height\":36,\"caption\":\"Forest-SC\"},\"image\":{\"@id\":\"http:\\\/\\\/forestsystemyuszczelnien.pl\\\/en\\\/#\\\/schema\\\/logo\\\/image\\\/\"}}]}<\/script>\n<!-- \/ Yoast SEO plugin. -->","yoast_head_json":{"title":"Klej Adhesive 5000 - Forest systemy uszczelnie\u0144 sp. z o.o.","robots":{"index":"index","follow":"follow","max-snippet":"max-snippet:-1","max-image-preview":"max-image-preview:large","max-video-preview":"max-video-preview:-1"},"canonical":"http:\/\/forestsystemyuszczelnien.pl\/en\/produkt\/klej-adhesive-5000\/","og_locale":"en_US","og_type":"article","og_title":"Klej Adhesive 5000 - Forest systemy uszczelnie\u0144 sp. z o.o.","og_description":"Adhesive 5000 klej kontaktowy Wyprodukowany na bazie syntetycznego kauczuku i syntetycznych \u017cywic. Nak\u0142adany na obie klejone powierzchnie za pomoc\u0105 p\u0119dzla lub wa\u0142ka odpornego na dzia\u0142anie rozpuszczalnik\u00f3w. Aplikacja kleju dozwolona jest ...","og_url":"http:\/\/forestsystemyuszczelnien.pl\/en\/produkt\/klej-adhesive-5000\/","og_site_name":"Forest systemy uszczelnie\u0144 sp. z o.o.","article_modified_time":"2026-04-09T20:16:25+00:00","og_image":[{"width":447,"height":389,"url":"http:\/\/forestsystemyuszczelnien.pl\/wp-content\/uploads\/2026\/04\/original_Klej-Adhesive-5000_5B1805D_0c20274c9e34.jpg","type":"image\/jpeg"}],"twitter_card":"summary_large_image","twitter_misc":{"Est. reading time":"1 minute"},"schema":{"@context":"https:\/\/schema.org","@graph":[{"@type":"WebPage","@id":"http:\/\/forestsystemyuszczelnien.pl\/en\/produkt\/klej-adhesive-5000\/","url":"http:\/\/forestsystemyuszczelnien.pl\/en\/produkt\/klej-adhesive-5000\/","name":"Klej Adhesive 5000 - Forest systemy uszczelnie\u0144 sp. z o.o.","isPartOf":{"@id":"http:\/\/forestsystemyuszczelnien.pl\/en\/#website"},"primaryImageOfPage":{"@id":"http:\/\/forestsystemyuszczelnien.pl\/en\/produkt\/klej-adhesive-5000\/#primaryimage"},"image":{"@id":"http:\/\/forestsystemyuszczelnien.pl\/en\/produkt\/klej-adhesive-5000\/#primaryimage"},"thumbnailUrl":"http:\/\/forestsystemyuszczelnien.pl\/wp-content\/uploads\/2026\/04\/original_Klej-Adhesive-5000_5B1805D_0c20274c9e34.jpg","datePublished":"2026-04-09T20:16:24+00:00","dateModified":"2026-04-09T20:16:25+00:00","breadcrumb":{"@id":"http:\/\/forestsystemyuszczelnien.pl\/en\/produkt\/klej-adhesive-5000\/#breadcrumb"},"inLanguage":"en-US","potentialAction":[{"@type":"ReadAction","target":[["http:\/\/forestsystemyuszczelnien.pl\/en\/produkt\/klej-adhesive-5000\/"]]}]},{"@type":"ImageObject","inLanguage":"en-US","@id":"http:\/\/forestsystemyuszczelnien.pl\/en\/produkt\/klej-adhesive-5000\/#primaryimage","url":"http:\/\/forestsystemyuszczelnien.pl\/wp-content\/uploads\/2026\/04\/original_Klej-Adhesive-5000_5B1805D_0c20274c9e34.jpg","contentUrl":"http:\/\/forestsystemyuszczelnien.pl\/wp-content\/uploads\/2026\/04\/original_Klej-Adhesive-5000_5B1805D_0c20274c9e34.jpg","width":447,"height":389},{"@type":"BreadcrumbList","@id":"http:\/\/forestsystemyuszczelnien.pl\/en\/produkt\/klej-adhesive-5000\/#breadcrumb","itemListElement":[{"@type":"ListItem","position":1,"name":"Strona g\u0142\u00f3wna","item":"http:\/\/forestsystemyuszczelnien.pl\/en\/"},{"@type":"ListItem","position":2,"name":"Sklep","item":"http:\/\/forestsystemyuszczelnien.pl\/en\/sklep\/"},{"@type":"ListItem","position":3,"name":"Klej Adhesive 5000"}]},{"@type":"WebSite","@id":"http:\/\/forestsystemyuszczelnien.pl\/en\/#website","url":"http:\/\/forestsystemyuszczelnien.pl\/en\/","name":"Forest systemy uszczelnie\u0144 sp. z o.o.","description":"Sealing systems","publisher":{"@id":"http:\/\/forestsystemyuszczelnien.pl\/en\/#organization"},"potentialAction":[{"@type":"SearchAction","target":{"@type":"EntryPoint","urlTemplate":"http:\/\/forestsystemyuszczelnien.pl\/en\/?s={search_term_string}"},"query-input":{"@type":"PropertyValueSpecification","valueRequired":true,"valueName":"search_term_string"}}],"inLanguage":"en-US"},{"@type":"Organization","@id":"http:\/\/forestsystemyuszczelnien.pl\/en\/#organization","name":"Forest-SC","url":"http:\/\/forestsystemyuszczelnien.pl\/en\/","logo":{"@type":"ImageObject","inLanguage":"en-US","@id":"http:\/\/forestsystemyuszczelnien.pl\/en\/#\/schema\/logo\/image\/","url":"http:\/\/forest-sc.pl\/wp-content\/uploads\/2017\/09\/logo.png","contentUrl":"http:\/\/forest-sc.pl\/wp-content\/uploads\/2017\/09\/logo.png","width":160,"height":36,"caption":"Forest-SC"},"image":{"@id":"http:\/\/forestsystemyuszczelnien.pl\/en\/#\/schema\/logo\/image\/"}}]}},"_links":{"self":[{"href":"http:\/\/forestsystemyuszczelnien.pl\/en\/wp-json\/wp\/v2\/product\/2190","targetHints":{"allow":["GET"]}}],"collection":[{"href":"http:\/\/forestsystemyuszczelnien.pl\/en\/wp-json\/wp\/v2\/product"}],"about":[{"href":"http:\/\/forestsystemyuszczelnien.pl\/en\/wp-json\/wp\/v2\/types\/product"}],"replies":[{"embeddable":true,"href":"http:\/\/forestsystemyuszczelnien.pl\/en\/wp-json\/wp\/v2\/comments?post=2190"}],"wp:featuredmedia":[{"embeddable":true,"href":"http:\/\/forestsystemyuszczelnien.pl\/en\/wp-json\/wp\/v2\/media\/2189"}],"wp:attachment":[{"href":"http:\/\/forestsystemyuszczelnien.pl\/en\/wp-json\/wp\/v2\/media?parent=2190"}],"wp:term":[{"taxonomy":"product_brand","embeddable":true,"href":"http:\/\/forestsystemyuszczelnien.pl\/en\/wp-json\/wp\/v2\/product_brand?post=2190"},{"taxonomy":"product_cat","embeddable":true,"href":"http:\/\/forestsystemyuszczelnien.pl\/en\/wp-json\/wp\/v2\/product_cat?post=2190"},{"taxonomy":"product_tag","embeddable":true,"href":"http:\/\/forestsystemyuszczelnien.pl\/en\/wp-json\/wp\/v2\/product_tag?post=2190"}],"curies":[{"name":"wp","href":"https:\/\/api.w.org\/{rel}","templated":true}]}}