{"id":1335,"date":"2017-09-29T21:17:07","date_gmt":"2017-09-29T21:17:07","guid":{"rendered":"http:\/\/fsc.kam-it.pl\/?page_id=1335"},"modified":"2017-10-13T10:41:59","modified_gmt":"2017-10-13T10:41:59","slug":"uszczelnienia-wytlaczane-gumowe-i-silikonowe","status":"publish","type":"page","link":"https:\/\/forestsystemyuszczelnien.pl\/en\/uszczelnienia-wytlaczane-gumowe-i-silikonowe\/","title":{"rendered":"Uszczelnienia wyt\u0142aczane gumowe i silikonowe"},"content":{"rendered":"<table class=\"uscc\" style=\"height: 783px;\" width=\"100%;\">\n<tbody>\n<tr style=\"background-color: silver; color: white; font-size: 20px; text-align: center;\">\n<td width=\"64\">Szkic<\/td>\n<td width=\"76\">Nr artyku\u0142u<\/td>\n<td width=\"89\">Wymiar(mm)<\/td>\n<td width=\"59\">Kolor<\/td>\n<td width=\"89\">Pakowanie<\/td>\n<\/tr>\n<tr>\n<td>\u00a0<img fetchpriority=\"high\" decoding=\"async\" class=\"size-medium wp-image-1340 aligncenter\" src=\"http:\/\/forest-sc.pl\/wp-content\/uploads\/2017\/09\/1-300x300.png\" alt=\"\" width=\"300\" height=\"300\" \/><\/td>\n<td>UPD 8X6<\/td>\n<td>8&#215;6<\/td>\n<td>czarny<\/td>\n<td>szpula 100m<\/td>\n<\/tr>\n<tr>\n<td>\u00a0<img fetchpriority=\"high\" decoding=\"async\" class=\"size-medium wp-image-1340 aligncenter\" src=\"http:\/\/forest-sc.pl\/wp-content\/uploads\/2017\/09\/1-300x300.png\" alt=\"\" width=\"300\" height=\"300\" \/><\/td>\n<td>UPD 9X8<\/td>\n<td>9&#215;8<\/td>\n<td>bia\u0142y<\/td>\n<td>szpula 100m<\/td>\n<\/tr>\n<tr>\n<td>\u00a0<img fetchpriority=\"high\" decoding=\"async\" class=\"size-medium wp-image-1340 aligncenter\" src=\"http:\/\/forest-sc.pl\/wp-content\/uploads\/2017\/09\/1-300x300.png\" alt=\"\" width=\"300\" height=\"300\" \/><\/td>\n<td>UPD 9X8BR<\/td>\n<td>9&#215;8<\/td>\n<td>br\u0105zowy<\/td>\n<td>szpula 100m<\/td>\n<\/tr>\n<tr>\n<td>\u00a0<a href=\"http:\/\/forest-sc.pl\/wp-content\/uploads\/2017\/09\/1.png\"><img fetchpriority=\"high\" decoding=\"async\" class=\"size-medium wp-image-1340 aligncenter\" src=\"http:\/\/forest-sc.pl\/wp-content\/uploads\/2017\/09\/1-300x300.png\" alt=\"\" width=\"300\" height=\"300\" \/><\/a><\/td>\n<td>UPD 12X10<\/td>\n<td>12&#215;10<\/td>\n<td>czarny<\/td>\n<td>szpula 50m<\/td>\n<\/tr>\n<tr>\n<td>\u00a0<img fetchpriority=\"high\" decoding=\"async\" class=\"size-medium wp-image-1340 aligncenter\" src=\"http:\/\/forest-sc.pl\/wp-content\/uploads\/2017\/09\/1-300x300.png\" alt=\"\" width=\"300\" height=\"300\" \/><\/td>\n<td>UPD 14X12<\/td>\n<td>14&#215;12<\/td>\n<td>czarny<\/td>\n<td>szpula 40m<\/td>\n<\/tr>\n<tr>\n<td>\u00a0<img decoding=\"async\" class=\"size-medium wp-image-1341 aligncenter\" src=\"http:\/\/forest-sc.pl\/wp-content\/uploads\/2017\/09\/2-300x300.png\" alt=\"\" width=\"300\" height=\"300\" \/><\/td>\n<td>UPKR 8X2<\/td>\n<td>8&#215;2<\/td>\n<td>czarny<\/td>\n<td>szpula 200m<\/td>\n<\/tr>\n<tr>\n<td>\u00a0<img decoding=\"async\" class=\"size-medium wp-image-1342 aligncenter\" src=\"http:\/\/forest-sc.pl\/wp-content\/uploads\/2017\/09\/3-300x300.png\" alt=\"\" width=\"300\" height=\"300\" \/><\/td>\n<td>UPKR 8&#215;4<\/td>\n<td>8&#215;4<\/td>\n<td>czarny<\/td>\n<td>szpula 125m<\/td>\n<\/tr>\n<tr>\n<td>\u00a0<img decoding=\"async\" class=\"size-medium wp-image-1342 aligncenter\" src=\"http:\/\/forest-sc.pl\/wp-content\/uploads\/2017\/09\/3-300x300.png\" alt=\"\" width=\"300\" height=\"300\" \/><\/td>\n<td>UPKR 9&#215;3<\/td>\n<td>9&#215;3<\/td>\n<td>czarny<\/td>\n<td>szpula 150m<\/td>\n<\/tr>\n<tr>\n<td>\u00a0<img loading=\"lazy\" decoding=\"async\" class=\"size-medium wp-image-1343 aligncenter\" src=\"http:\/\/forest-sc.pl\/wp-content\/uploads\/2017\/09\/4-300x300.png\" alt=\"\" width=\"300\" height=\"300\" \/><\/td>\n<td>UPKR 10&#215;4<\/td>\n<td>10&#215;4<\/td>\n<td>czarny<\/td>\n<td>szpula 100m<\/td>\n<\/tr>\n<tr>\n<td>\u00a0<img loading=\"lazy\" decoding=\"async\" class=\"size-medium wp-image-1344 aligncenter\" src=\"http:\/\/forest-sc.pl\/wp-content\/uploads\/2017\/09\/5-300x300.png\" alt=\"\" width=\"300\" height=\"300\" \/><\/td>\n<td>UPKR 10&#215;5<\/td>\n<td>10&#215;5<\/td>\n<td>czarny<\/td>\n<td>szpuala 100m<\/td>\n<\/tr>\n<tr>\n<td>\u00a0<img loading=\"lazy\" decoding=\"async\" class=\"size-medium wp-image-1345 aligncenter\" src=\"http:\/\/forest-sc.pl\/wp-content\/uploads\/2017\/09\/6-300x300.png\" alt=\"\" width=\"300\" height=\"300\" \/><\/td>\n<td>UPKR 15&#215;4<\/td>\n<td>15&#215;4<\/td>\n<td>czarny<\/td>\n<td>szpula 100m<\/td>\n<\/tr>\n<tr>\n<td>\u00a0<img loading=\"lazy\" decoding=\"async\" class=\"size-medium wp-image-1355 aligncenter\" src=\"http:\/\/forest-sc.pl\/wp-content\/uploads\/2017\/09\/7-300x300.png\" alt=\"\" width=\"300\" height=\"300\" srcset=\"https:\/\/forestsystemyuszczelnien.pl\/wp-content\/uploads\/2017\/09\/7-300x300.png 300w, https:\/\/forestsystemyuszczelnien.pl\/wp-content\/uploads\/2017\/09\/7-150x150.png 150w, https:\/\/forestsystemyuszczelnien.pl\/wp-content\/uploads\/2017\/09\/7.png 500w, https:\/\/forestsystemyuszczelnien.pl\/wp-content\/uploads\/2017\/09\/7-400x400.png 400w\" sizes=\"(max-width: 300px) 100vw, 300px\" \/><\/td>\n<td>UPKR 15&#215;8<\/td>\n<td>15&#215;8<\/td>\n<td>czarny<\/td>\n<td>szpula 50m<\/td>\n<\/tr>\n<tr>\n<td>\u00a0<a href=\"http:\/\/forest-sc.pl\/wp-content\/uploads\/2017\/09\/8.png\"><img loading=\"lazy\" decoding=\"async\" class=\"alignnone size-medium wp-image-1347\" src=\"http:\/\/forest-sc.pl\/wp-content\/uploads\/2017\/09\/8-300x214.png\" alt=\"\" width=\"300\" height=\"214\" \/><\/a><img loading=\"lazy\" decoding=\"async\" class=\"size-medium wp-image-1356 aligncenter\" src=\"http:\/\/forest-sc.pl\/wp-content\/uploads\/2017\/09\/8-300x300.png\" alt=\"\" width=\"300\" height=\"300\" srcset=\"https:\/\/forestsystemyuszczelnien.pl\/wp-content\/uploads\/2017\/09\/8-300x300.png 300w, https:\/\/forestsystemyuszczelnien.pl\/wp-content\/uploads\/2017\/09\/8-150x150.png 150w, https:\/\/forestsystemyuszczelnien.pl\/wp-content\/uploads\/2017\/09\/8.png 500w, https:\/\/forestsystemyuszczelnien.pl\/wp-content\/uploads\/2017\/09\/8-400x400.png 400w\" sizes=\"(max-width: 300px) 100vw, 300px\" \/><\/td>\n<td>UPKR 20&#215;4<\/td>\n<td>20&#215;4<\/td>\n<td>czarny<\/td>\n<td>szpula 50m<\/td>\n<\/tr>\n<\/tbody>\n<\/table>\n<p>&nbsp;<\/p>\n<h1 class=\"uscc_text\" style=\"text-align: center;\"><a href=\"http:\/\/forest-sc.pl\/doc\/wykaz.pdf\">Pobierz dokument<\/a><\/h1>\n","protected":false},"excerpt":{"rendered":"<p>Szkic Nr artyku\u0142u Wymiar(mm) Kolor Pakowanie \u00a0 UPD 8X6 8&#215;6 czarny szpula 100m \u00a0 UPD 9X8 9&#215;8 bia\u0142y szpula 100m \u00a0 UPD 9X8BR 9&#215;8 br\u0105zowy szpula 100m \u00a0 UPD 12X10 &#8230;<\/p>\n","protected":false},"author":3,"featured_media":0,"parent":0,"menu_order":0,"comment_status":"closed","ping_status":"closed","template":"","meta":{"footnotes":""},"class_list":["post-1335","page","type-page","status-publish","hentry"],"yoast_head":"<!-- This site is optimized with the Yoast SEO plugin v27.3 - https:\/\/yoast.com\/product\/yoast-seo-wordpress\/ -->\n<title>Uszczelnienia wyt\u0142aczane gumowe i silikonowe - Forest systemy uszczelnie\u0144 sp. z o.o.<\/title>\n<meta name=\"robots\" content=\"index, follow, max-snippet:-1, max-image-preview:large, max-video-preview:-1\" \/>\n<link rel=\"canonical\" href=\"https:\/\/forestsystemyuszczelnien.pl\/en\/uszczelnienia-wytlaczane-gumowe-i-silikonowe\/\" \/>\n<meta property=\"og:locale\" content=\"en_US\" \/>\n<meta property=\"og:type\" content=\"article\" \/>\n<meta property=\"og:title\" content=\"Uszczelnienia wyt\u0142aczane gumowe i silikonowe - Forest systemy uszczelnie\u0144 sp. z o.o.\" \/>\n<meta property=\"og:description\" content=\"Szkic Nr artyku\u0142u Wymiar(mm) Kolor Pakowanie \u00a0 UPD 8X6 8&#215;6 czarny szpula 100m \u00a0 UPD 9X8 9&#215;8 bia\u0142y szpula 100m \u00a0 UPD 9X8BR 9&#215;8 br\u0105zowy szpula 100m \u00a0 UPD 12X10 ...\" \/>\n<meta property=\"og:url\" content=\"https:\/\/forestsystemyuszczelnien.pl\/en\/uszczelnienia-wytlaczane-gumowe-i-silikonowe\/\" \/>\n<meta property=\"og:site_name\" content=\"Forest systemy uszczelnie\u0144 sp. z o.o.\" \/>\n<meta property=\"article:modified_time\" content=\"2017-10-13T10:41:59+00:00\" \/>\n<meta property=\"og:image\" content=\"http:\/\/forest-sc.pl\/wp-content\/uploads\/2017\/09\/1-300x300.png\" \/>\n<meta name=\"twitter:card\" content=\"summary_large_image\" \/>\n<script type=\"application\/ld+json\" class=\"yoast-schema-graph\">{\"@context\":\"https:\\\/\\\/schema.org\",\"@graph\":[{\"@type\":\"WebPage\",\"@id\":\"https:\\\/\\\/forestsystemyuszczelnien.pl\\\/en\\\/uszczelnienia-wytlaczane-gumowe-i-silikonowe\\\/\",\"url\":\"https:\\\/\\\/forestsystemyuszczelnien.pl\\\/en\\\/uszczelnienia-wytlaczane-gumowe-i-silikonowe\\\/\",\"name\":\"Uszczelnienia wyt\u0142aczane gumowe i silikonowe - Forest systemy uszczelnie\u0144 sp. z o.o.\",\"isPartOf\":{\"@id\":\"https:\\\/\\\/forestsystemyuszczelnien.pl\\\/en\\\/#website\"},\"primaryImageOfPage\":{\"@id\":\"https:\\\/\\\/forestsystemyuszczelnien.pl\\\/en\\\/uszczelnienia-wytlaczane-gumowe-i-silikonowe\\\/#primaryimage\"},\"image\":{\"@id\":\"https:\\\/\\\/forestsystemyuszczelnien.pl\\\/en\\\/uszczelnienia-wytlaczane-gumowe-i-silikonowe\\\/#primaryimage\"},\"thumbnailUrl\":\"http:\\\/\\\/forest-sc.pl\\\/wp-content\\\/uploads\\\/2017\\\/09\\\/1-300x300.png\",\"datePublished\":\"2017-09-29T21:17:07+00:00\",\"dateModified\":\"2017-10-13T10:41:59+00:00\",\"breadcrumb\":{\"@id\":\"https:\\\/\\\/forestsystemyuszczelnien.pl\\\/en\\\/uszczelnienia-wytlaczane-gumowe-i-silikonowe\\\/#breadcrumb\"},\"inLanguage\":\"en-US\",\"potentialAction\":[{\"@type\":\"ReadAction\",\"target\":[[\"https:\\\/\\\/forestsystemyuszczelnien.pl\\\/en\\\/uszczelnienia-wytlaczane-gumowe-i-silikonowe\\\/\"]]}]},{\"@type\":\"ImageObject\",\"inLanguage\":\"en-US\",\"@id\":\"https:\\\/\\\/forestsystemyuszczelnien.pl\\\/en\\\/uszczelnienia-wytlaczane-gumowe-i-silikonowe\\\/#primaryimage\",\"url\":\"http:\\\/\\\/forest-sc.pl\\\/wp-content\\\/uploads\\\/2017\\\/09\\\/1-300x300.png\",\"contentUrl\":\"http:\\\/\\\/forest-sc.pl\\\/wp-content\\\/uploads\\\/2017\\\/09\\\/1-300x300.png\"},{\"@type\":\"BreadcrumbList\",\"@id\":\"https:\\\/\\\/forestsystemyuszczelnien.pl\\\/en\\\/uszczelnienia-wytlaczane-gumowe-i-silikonowe\\\/#breadcrumb\",\"itemListElement\":[{\"@type\":\"ListItem\",\"position\":1,\"name\":\"Strona g\u0142\u00f3wna\",\"item\":\"https:\\\/\\\/forestsystemyuszczelnien.pl\\\/en\\\/\"},{\"@type\":\"ListItem\",\"position\":2,\"name\":\"Uszczelnienia wyt\u0142aczane gumowe i silikonowe\"}]},{\"@type\":\"WebSite\",\"@id\":\"https:\\\/\\\/forestsystemyuszczelnien.pl\\\/en\\\/#website\",\"url\":\"https:\\\/\\\/forestsystemyuszczelnien.pl\\\/en\\\/\",\"name\":\"Forest systemy uszczelnie\u0144 sp. z o.o.\",\"description\":\"Sealing systems\",\"publisher\":{\"@id\":\"https:\\\/\\\/forestsystemyuszczelnien.pl\\\/en\\\/#organization\"},\"potentialAction\":[{\"@type\":\"SearchAction\",\"target\":{\"@type\":\"EntryPoint\",\"urlTemplate\":\"https:\\\/\\\/forestsystemyuszczelnien.pl\\\/en\\\/?s={search_term_string}\"},\"query-input\":{\"@type\":\"PropertyValueSpecification\",\"valueRequired\":true,\"valueName\":\"search_term_string\"}}],\"inLanguage\":\"en-US\"},{\"@type\":\"Organization\",\"@id\":\"https:\\\/\\\/forestsystemyuszczelnien.pl\\\/en\\\/#organization\",\"name\":\"Forest-SC\",\"url\":\"https:\\\/\\\/forestsystemyuszczelnien.pl\\\/en\\\/\",\"logo\":{\"@type\":\"ImageObject\",\"inLanguage\":\"en-US\",\"@id\":\"https:\\\/\\\/forestsystemyuszczelnien.pl\\\/en\\\/#\\\/schema\\\/logo\\\/image\\\/\",\"url\":\"http:\\\/\\\/forest-sc.pl\\\/wp-content\\\/uploads\\\/2017\\\/09\\\/logo.png\",\"contentUrl\":\"http:\\\/\\\/forest-sc.pl\\\/wp-content\\\/uploads\\\/2017\\\/09\\\/logo.png\",\"width\":160,\"height\":36,\"caption\":\"Forest-SC\"},\"image\":{\"@id\":\"https:\\\/\\\/forestsystemyuszczelnien.pl\\\/en\\\/#\\\/schema\\\/logo\\\/image\\\/\"}}]}<\/script>\n<!-- \/ Yoast SEO plugin. -->","yoast_head_json":{"title":"Uszczelnienia wyt\u0142aczane gumowe i silikonowe - Forest systemy uszczelnie\u0144 sp. z o.o.","robots":{"index":"index","follow":"follow","max-snippet":"max-snippet:-1","max-image-preview":"max-image-preview:large","max-video-preview":"max-video-preview:-1"},"canonical":"https:\/\/forestsystemyuszczelnien.pl\/en\/uszczelnienia-wytlaczane-gumowe-i-silikonowe\/","og_locale":"en_US","og_type":"article","og_title":"Uszczelnienia wyt\u0142aczane gumowe i silikonowe - Forest systemy uszczelnie\u0144 sp. z o.o.","og_description":"Szkic Nr artyku\u0142u Wymiar(mm) Kolor Pakowanie \u00a0 UPD 8X6 8&#215;6 czarny szpula 100m \u00a0 UPD 9X8 9&#215;8 bia\u0142y szpula 100m \u00a0 UPD 9X8BR 9&#215;8 br\u0105zowy szpula 100m \u00a0 UPD 12X10 ...","og_url":"https:\/\/forestsystemyuszczelnien.pl\/en\/uszczelnienia-wytlaczane-gumowe-i-silikonowe\/","og_site_name":"Forest systemy uszczelnie\u0144 sp. z o.o.","article_modified_time":"2017-10-13T10:41:59+00:00","og_image":[{"url":"http:\/\/forest-sc.pl\/wp-content\/uploads\/2017\/09\/1-300x300.png","type":"","width":"","height":""}],"twitter_card":"summary_large_image","schema":{"@context":"https:\/\/schema.org","@graph":[{"@type":"WebPage","@id":"https:\/\/forestsystemyuszczelnien.pl\/en\/uszczelnienia-wytlaczane-gumowe-i-silikonowe\/","url":"https:\/\/forestsystemyuszczelnien.pl\/en\/uszczelnienia-wytlaczane-gumowe-i-silikonowe\/","name":"Uszczelnienia wyt\u0142aczane gumowe i silikonowe - Forest systemy uszczelnie\u0144 sp. z o.o.","isPartOf":{"@id":"https:\/\/forestsystemyuszczelnien.pl\/en\/#website"},"primaryImageOfPage":{"@id":"https:\/\/forestsystemyuszczelnien.pl\/en\/uszczelnienia-wytlaczane-gumowe-i-silikonowe\/#primaryimage"},"image":{"@id":"https:\/\/forestsystemyuszczelnien.pl\/en\/uszczelnienia-wytlaczane-gumowe-i-silikonowe\/#primaryimage"},"thumbnailUrl":"http:\/\/forest-sc.pl\/wp-content\/uploads\/2017\/09\/1-300x300.png","datePublished":"2017-09-29T21:17:07+00:00","dateModified":"2017-10-13T10:41:59+00:00","breadcrumb":{"@id":"https:\/\/forestsystemyuszczelnien.pl\/en\/uszczelnienia-wytlaczane-gumowe-i-silikonowe\/#breadcrumb"},"inLanguage":"en-US","potentialAction":[{"@type":"ReadAction","target":[["https:\/\/forestsystemyuszczelnien.pl\/en\/uszczelnienia-wytlaczane-gumowe-i-silikonowe\/"]]}]},{"@type":"ImageObject","inLanguage":"en-US","@id":"https:\/\/forestsystemyuszczelnien.pl\/en\/uszczelnienia-wytlaczane-gumowe-i-silikonowe\/#primaryimage","url":"http:\/\/forest-sc.pl\/wp-content\/uploads\/2017\/09\/1-300x300.png","contentUrl":"http:\/\/forest-sc.pl\/wp-content\/uploads\/2017\/09\/1-300x300.png"},{"@type":"BreadcrumbList","@id":"https:\/\/forestsystemyuszczelnien.pl\/en\/uszczelnienia-wytlaczane-gumowe-i-silikonowe\/#breadcrumb","itemListElement":[{"@type":"ListItem","position":1,"name":"Strona g\u0142\u00f3wna","item":"https:\/\/forestsystemyuszczelnien.pl\/en\/"},{"@type":"ListItem","position":2,"name":"Uszczelnienia wyt\u0142aczane gumowe i silikonowe"}]},{"@type":"WebSite","@id":"https:\/\/forestsystemyuszczelnien.pl\/en\/#website","url":"https:\/\/forestsystemyuszczelnien.pl\/en\/","name":"Forest systemy uszczelnie\u0144 sp. z o.o.","description":"Sealing systems","publisher":{"@id":"https:\/\/forestsystemyuszczelnien.pl\/en\/#organization"},"potentialAction":[{"@type":"SearchAction","target":{"@type":"EntryPoint","urlTemplate":"https:\/\/forestsystemyuszczelnien.pl\/en\/?s={search_term_string}"},"query-input":{"@type":"PropertyValueSpecification","valueRequired":true,"valueName":"search_term_string"}}],"inLanguage":"en-US"},{"@type":"Organization","@id":"https:\/\/forestsystemyuszczelnien.pl\/en\/#organization","name":"Forest-SC","url":"https:\/\/forestsystemyuszczelnien.pl\/en\/","logo":{"@type":"ImageObject","inLanguage":"en-US","@id":"https:\/\/forestsystemyuszczelnien.pl\/en\/#\/schema\/logo\/image\/","url":"http:\/\/forest-sc.pl\/wp-content\/uploads\/2017\/09\/logo.png","contentUrl":"http:\/\/forest-sc.pl\/wp-content\/uploads\/2017\/09\/logo.png","width":160,"height":36,"caption":"Forest-SC"},"image":{"@id":"https:\/\/forestsystemyuszczelnien.pl\/en\/#\/schema\/logo\/image\/"}}]}},"_links":{"self":[{"href":"https:\/\/forestsystemyuszczelnien.pl\/en\/wp-json\/wp\/v2\/pages\/1335","targetHints":{"allow":["GET"]}}],"collection":[{"href":"https:\/\/forestsystemyuszczelnien.pl\/en\/wp-json\/wp\/v2\/pages"}],"about":[{"href":"https:\/\/forestsystemyuszczelnien.pl\/en\/wp-json\/wp\/v2\/types\/page"}],"author":[{"embeddable":true,"href":"https:\/\/forestsystemyuszczelnien.pl\/en\/wp-json\/wp\/v2\/users\/3"}],"replies":[{"embeddable":true,"href":"https:\/\/forestsystemyuszczelnien.pl\/en\/wp-json\/wp\/v2\/comments?post=1335"}],"version-history":[{"count":25,"href":"https:\/\/forestsystemyuszczelnien.pl\/en\/wp-json\/wp\/v2\/pages\/1335\/revisions"}],"predecessor-version":[{"id":1575,"href":"https:\/\/forestsystemyuszczelnien.pl\/en\/wp-json\/wp\/v2\/pages\/1335\/revisions\/1575"}],"wp:attachment":[{"href":"https:\/\/forestsystemyuszczelnien.pl\/en\/wp-json\/wp\/v2\/media?parent=1335"}],"curies":[{"name":"wp","href":"https:\/\/api.w.org\/{rel}","templated":true}]}}