{"id":1520,"date":"2017-10-08T16:43:10","date_gmt":"2017-10-08T16:43:10","guid":{"rendered":"http:\/\/fsc.kam-it.pl\/?page_id=1520"},"modified":"2017-10-08T16:43:10","modified_gmt":"2017-10-08T16:43:10","slug":"uszczelnienia-gumowe-tworzywowe-i-silikonowe-wycinane-laserowo","status":"publish","type":"page","link":"https:\/\/forestsystemyuszczelnien.pl\/en\/uszczelnienia-gumowe-tworzywowe-i-silikonowe-wycinane-laserowo\/","title":{"rendered":"Uszczelnienia gumowe, tworzywowe i silikonowe wycinane laserowo"},"content":{"rendered":"<p style=\"text-align: justify;\">Oferujemy uszczelnienia wycinane metod\u0105 laserow\u0105. Zastosowana technologia umo\u017cliwia wykonanie uszczelnie\u0144 o dowolnym kszta\u0142cie z zachowaniem du\u017cej dok\u0142adno\u015bci. Wykonane t\u0105 metod\u0105 wycinania laserowego i znajduj\u0105 zastosowanie w wielu ga\u0142\u0119ziach przemys\u0142u, np. motoryzacji, przemy\u015ble o\u015bwietleniowym i wielu innych.<\/p>\n<p>&nbsp;<br \/>\n\r\n    <style>\r\n        #weblizar_1519 .wrgf-header-label {\r\n            color: #FFFFFF !important;\r\n        }\r\n\r\n        #weblizar_1519 .wrgf-footer-label {\r\n            color: #000000 !important;\r\n            font-size: 16px;\r\n            margin-bottom: 5px;\r\n            margin-top: 5px;\r\n            text-align: center;\r\n            font-weight: normal;\r\n        }\r\n\r\n        #weblizar_1519 .b-link-stroke .b-top-line {\r\n            background: rgba(10, 194, 210, 0.5);\r\n        }\r\n\r\n        #weblizar_1519 .b-link-stroke .b-bottom-line {\r\n            background: rgba(10, 194, 210, 0.5);\r\n        }\r\n\r\n        #weblizar_1519 .b-wrapper {\r\n            font-family: Arial;\r\n        \/ \/ real name pass here\r\n        }\r\n\r\n        #weblizar_1519 .wrgf-header-label {\r\n            font-family: Arial !important;\r\n        \/ \/ real name pass here\r\n        }\r\n\r\n        #weblizar_1519 .wrgf-footer-label {\r\n            font-family: Arial !important;\r\n        \/ \/ real name pass here\r\n        }\r\n\r\n        @media (min-width: 992px) {\r\n            .col-md-6 {\r\n                width: 48% !important;\r\n                padding-right: 5px;\r\n                padding-left: 5px;\r\n                float: left;\r\n            }\r\n\r\n            .col-md-4 {\r\n                width: 33.30% !important;\r\n                padding-right: 10px;\r\n                padding-left: 10px;\r\n            }\r\n\r\n            .col-md-3 {\r\n                width: 24.90% !important;\r\n                padding-right: 10px;\r\n                padding-left: 10px;\r\n            }\r\n        }\r\n\r\n                @media (max-width: 992px) {\r\n            #weblizar_1519 .wrgf-header-label {\r\n                display: none;\r\n            }\r\n        }\r\n\r\n        @media (min-width: 993px) {\r\n            #weblizar_1519 .wrgf-footer-label {\r\n                display: none;\r\n            }\r\n        }\r\n\r\n                #weblizar_1519 a {\r\n            border-bottom: none;\r\n            overflow: hidden;\r\n            float: left;\r\n            margin-right: 0px;\r\n            padding-left: 0px;\r\n        }        \r\n\r\n            <\/style>\r\n\r\n\t    <div class=\"gal-container\">\r\n\t\t            <!--get the post id-->\r\n\t\t\t\r\n\t\t\t\r\n            <div class=\"gallery1\" id=\"weblizar_1519\">\r\n\t\t\t\t                    <div class=\"col-md-6 col-sm-6 wl-gallery\">\r\n                        <div class=\"b-link-stroke b-animate-go\">\r\n\r\n\t\t\t\t\t\t\t                            <a alt=\"\" class=\"swipebox\" href=\"http:\/\/fsc.kam-it.pl\/wp-content\/uploads\/2017\/09\/01.jpg\"\r\n                               title=\"\">\r\n                                <img decoding=\"async\" src=\"http:\/\/fsc.kam-it.pl\/wp-content\/uploads\/2017\/09\/01.jpg\" class=\"gall-img-responsive\"\r\n                                     alt=\"01\">\r\n                                <div class=\"b-wrapper\">\r\n\t\t\t\t\t\t\t\t\t\t\t\t\t\t\t\t\t\t\t\t\t\t\t\t\t\t\t\t                                <\/div>\r\n                            <\/a>\r\n\t\t\t\t\t\t\t                        <\/div>\r\n\t\t\t\t\t\t                    <\/div>\r\n\t\t\t\t\t                    <div class=\"col-md-6 col-sm-6 wl-gallery\">\r\n                        <div class=\"b-link-stroke b-animate-go\">\r\n\r\n\t\t\t\t\t\t\t                            <a alt=\"\" class=\"swipebox\" href=\"http:\/\/fsc.kam-it.pl\/wp-content\/uploads\/2017\/09\/02.jpg\"\r\n                               title=\"\">\r\n                                <img decoding=\"async\" src=\"http:\/\/fsc.kam-it.pl\/wp-content\/uploads\/2017\/09\/02.jpg\" class=\"gall-img-responsive\"\r\n                                     alt=\"02\">\r\n                                <div class=\"b-wrapper\">\r\n\t\t\t\t\t\t\t\t\t\t\t\t\t\t\t\t\t\t\t\t\t\t\t\t\t\t\t\t                                <\/div>\r\n                            <\/a>\r\n\t\t\t\t\t\t\t                        <\/div>\r\n\t\t\t\t\t\t                    <\/div>\r\n\t\t\t\t\t            <\/div>\r\n\t\t    <\/div>\r\n\r\n    <!-- swipe box-->\r\n    <script type=\"text\/javascript\">\r\n      (function (jQuery) {\r\n\t\t\tjQuery(window).imagesLoaded(function () {\r\n\t\t\tjQuery( window ).load(function() {\r\n   \t\t\tjQuery('.gallery1').masonry({\r\n                itemSelector: '.wl-gallery',\r\n                isAnimated: true,\r\n                isFitWidth: true\r\n            });\r\n\t\t}); });\r\n\t\t\t\/\/ jQuery('.gallery1').imagesLoaded(function () {\r\n   \/\/          jQuery('.gallery1').masonry({\r\n   \/\/              itemSelector: '.wl-gallery',\r\n   \/\/              isAnimated: true,\r\n   \/\/              isFitWidth: true\r\n   \/\/          });\r\n   \/\/      });\r\n        \tjQuery('.swipebox').imagesLoaded(function () {\r\n            jQuery('.swipebox').swipebox({\r\n                hideBarsDelay: 0,\r\n                hideCloseButtonOnMobile: false,\r\n            });\r\n             });\r\n\/\/         \t     jQuery('.gallery1').imagesLoaded(function () {\r\n\/\/             jQuery('.gallery1').masonry({\r\n\/\/                 itemSelector: '.wl-gallery',\r\n\/\/                 isAnimated: true,\r\n\/\/                 isFitWidth: true\r\n\/\/             });\r\n\/\/         });\r\n        })(jQuery);\r\n\r\n        \/\/ jQuery('.gallery1').imagesLoaded(function () {\r\n        \/\/     jQuery('.gallery1').masonry({\r\n        \/\/         itemSelector: '.wl-gallery',\r\n        \/\/         isAnimated: true,\r\n        \/\/         isFitWidth: true\r\n        \/\/     });\r\n        \/\/ });\r\n    <\/script> \r\n   <!--  <script type=\"text\/javascript\">\r\n        ;(function (jQuery) {\r\n            jQuery('.swipebox').swipebox({\r\n                hideBarsDelay: 0,\r\n                hideCloseButtonOnMobile: false,\r\n            });\r\n        })(jQuery);\r\n\r\n        jQuery('.gallery1').imagesLoaded(function () {\r\n            jQuery('.gallery1').masonry({\r\n                itemSelector: '.wl-gallery',\r\n                isAnimated: true,\r\n                isFitWidth: true\r\n            });\r\n        });\r\n    <\/script> -->\r\n\r\n\t<\/p>\n","protected":false},"excerpt":{"rendered":"<p>Oferujemy uszczelnienia wycinane metod\u0105 laserow\u0105. Zastosowana technologia umo\u017cliwia wykonanie uszczelnie\u0144 o dowolnym kszta\u0142cie z zachowaniem du\u017cej dok\u0142adno\u015bci. Wykonane t\u0105 metod\u0105 wycinania laserowego i znajduj\u0105 zastosowanie w wielu ga\u0142\u0119ziach przemys\u0142u, np. &#8230;<\/p>\n","protected":false},"author":3,"featured_media":0,"parent":0,"menu_order":0,"comment_status":"closed","ping_status":"closed","template":"","meta":{"footnotes":""},"class_list":["post-1520","page","type-page","status-publish","hentry"],"yoast_head":"<!-- This site is optimized with the Yoast SEO plugin v27.3 - https:\/\/yoast.com\/product\/yoast-seo-wordpress\/ -->\n<title>Uszczelnienia gumowe, tworzywowe i silikonowe wycinane laserowo - Forest systemy uszczelnie\u0144 sp. z o.o.<\/title>\n<meta name=\"robots\" content=\"index, follow, max-snippet:-1, max-image-preview:large, max-video-preview:-1\" \/>\n<link rel=\"canonical\" href=\"https:\/\/forestsystemyuszczelnien.pl\/en\/uszczelnienia-gumowe-tworzywowe-i-silikonowe-wycinane-laserowo\/\" \/>\n<meta property=\"og:locale\" content=\"en_US\" \/>\n<meta property=\"og:type\" content=\"article\" \/>\n<meta property=\"og:title\" content=\"Uszczelnienia gumowe, tworzywowe i silikonowe wycinane laserowo - Forest systemy uszczelnie\u0144 sp. z o.o.\" \/>\n<meta property=\"og:description\" content=\"Oferujemy uszczelnienia wycinane metod\u0105 laserow\u0105. Zastosowana technologia umo\u017cliwia wykonanie uszczelnie\u0144 o dowolnym kszta\u0142cie z zachowaniem du\u017cej dok\u0142adno\u015bci. Wykonane t\u0105 metod\u0105 wycinania laserowego i znajduj\u0105 zastosowanie w wielu ga\u0142\u0119ziach przemys\u0142u, np. ...\" \/>\n<meta property=\"og:url\" content=\"https:\/\/forestsystemyuszczelnien.pl\/en\/uszczelnienia-gumowe-tworzywowe-i-silikonowe-wycinane-laserowo\/\" \/>\n<meta property=\"og:site_name\" content=\"Forest systemy uszczelnie\u0144 sp. z o.o.\" \/>\n<meta name=\"twitter:card\" content=\"summary_large_image\" \/>\n<script type=\"application\/ld+json\" class=\"yoast-schema-graph\">{\"@context\":\"https:\\\/\\\/schema.org\",\"@graph\":[{\"@type\":\"WebPage\",\"@id\":\"https:\\\/\\\/forestsystemyuszczelnien.pl\\\/en\\\/uszczelnienia-gumowe-tworzywowe-i-silikonowe-wycinane-laserowo\\\/\",\"url\":\"https:\\\/\\\/forestsystemyuszczelnien.pl\\\/en\\\/uszczelnienia-gumowe-tworzywowe-i-silikonowe-wycinane-laserowo\\\/\",\"name\":\"Uszczelnienia gumowe, tworzywowe i silikonowe wycinane laserowo - Forest systemy uszczelnie\u0144 sp. z o.o.\",\"isPartOf\":{\"@id\":\"https:\\\/\\\/forestsystemyuszczelnien.pl\\\/en\\\/#website\"},\"datePublished\":\"2017-10-08T16:43:10+00:00\",\"breadcrumb\":{\"@id\":\"https:\\\/\\\/forestsystemyuszczelnien.pl\\\/en\\\/uszczelnienia-gumowe-tworzywowe-i-silikonowe-wycinane-laserowo\\\/#breadcrumb\"},\"inLanguage\":\"en-US\",\"potentialAction\":[{\"@type\":\"ReadAction\",\"target\":[[\"https:\\\/\\\/forestsystemyuszczelnien.pl\\\/en\\\/uszczelnienia-gumowe-tworzywowe-i-silikonowe-wycinane-laserowo\\\/\"]]}]},{\"@type\":\"BreadcrumbList\",\"@id\":\"https:\\\/\\\/forestsystemyuszczelnien.pl\\\/en\\\/uszczelnienia-gumowe-tworzywowe-i-silikonowe-wycinane-laserowo\\\/#breadcrumb\",\"itemListElement\":[{\"@type\":\"ListItem\",\"position\":1,\"name\":\"Strona g\u0142\u00f3wna\",\"item\":\"https:\\\/\\\/forestsystemyuszczelnien.pl\\\/en\\\/\"},{\"@type\":\"ListItem\",\"position\":2,\"name\":\"Uszczelnienia gumowe, tworzywowe i silikonowe wycinane laserowo\"}]},{\"@type\":\"WebSite\",\"@id\":\"https:\\\/\\\/forestsystemyuszczelnien.pl\\\/en\\\/#website\",\"url\":\"https:\\\/\\\/forestsystemyuszczelnien.pl\\\/en\\\/\",\"name\":\"Forest systemy uszczelnie\u0144 sp. z o.o.\",\"description\":\"Sealing systems\",\"publisher\":{\"@id\":\"https:\\\/\\\/forestsystemyuszczelnien.pl\\\/en\\\/#organization\"},\"potentialAction\":[{\"@type\":\"SearchAction\",\"target\":{\"@type\":\"EntryPoint\",\"urlTemplate\":\"https:\\\/\\\/forestsystemyuszczelnien.pl\\\/en\\\/?s={search_term_string}\"},\"query-input\":{\"@type\":\"PropertyValueSpecification\",\"valueRequired\":true,\"valueName\":\"search_term_string\"}}],\"inLanguage\":\"en-US\"},{\"@type\":\"Organization\",\"@id\":\"https:\\\/\\\/forestsystemyuszczelnien.pl\\\/en\\\/#organization\",\"name\":\"Forest-SC\",\"url\":\"https:\\\/\\\/forestsystemyuszczelnien.pl\\\/en\\\/\",\"logo\":{\"@type\":\"ImageObject\",\"inLanguage\":\"en-US\",\"@id\":\"https:\\\/\\\/forestsystemyuszczelnien.pl\\\/en\\\/#\\\/schema\\\/logo\\\/image\\\/\",\"url\":\"http:\\\/\\\/forest-sc.pl\\\/wp-content\\\/uploads\\\/2017\\\/09\\\/logo.png\",\"contentUrl\":\"http:\\\/\\\/forest-sc.pl\\\/wp-content\\\/uploads\\\/2017\\\/09\\\/logo.png\",\"width\":160,\"height\":36,\"caption\":\"Forest-SC\"},\"image\":{\"@id\":\"https:\\\/\\\/forestsystemyuszczelnien.pl\\\/en\\\/#\\\/schema\\\/logo\\\/image\\\/\"}}]}<\/script>\n<!-- \/ Yoast SEO plugin. -->","yoast_head_json":{"title":"Uszczelnienia gumowe, tworzywowe i silikonowe wycinane laserowo - Forest systemy uszczelnie\u0144 sp. z o.o.","robots":{"index":"index","follow":"follow","max-snippet":"max-snippet:-1","max-image-preview":"max-image-preview:large","max-video-preview":"max-video-preview:-1"},"canonical":"https:\/\/forestsystemyuszczelnien.pl\/en\/uszczelnienia-gumowe-tworzywowe-i-silikonowe-wycinane-laserowo\/","og_locale":"en_US","og_type":"article","og_title":"Uszczelnienia gumowe, tworzywowe i silikonowe wycinane laserowo - Forest systemy uszczelnie\u0144 sp. z o.o.","og_description":"Oferujemy uszczelnienia wycinane metod\u0105 laserow\u0105. Zastosowana technologia umo\u017cliwia wykonanie uszczelnie\u0144 o dowolnym kszta\u0142cie z zachowaniem du\u017cej dok\u0142adno\u015bci. Wykonane t\u0105 metod\u0105 wycinania laserowego i znajduj\u0105 zastosowanie w wielu ga\u0142\u0119ziach przemys\u0142u, np. ...","og_url":"https:\/\/forestsystemyuszczelnien.pl\/en\/uszczelnienia-gumowe-tworzywowe-i-silikonowe-wycinane-laserowo\/","og_site_name":"Forest systemy uszczelnie\u0144 sp. z o.o.","twitter_card":"summary_large_image","schema":{"@context":"https:\/\/schema.org","@graph":[{"@type":"WebPage","@id":"https:\/\/forestsystemyuszczelnien.pl\/en\/uszczelnienia-gumowe-tworzywowe-i-silikonowe-wycinane-laserowo\/","url":"https:\/\/forestsystemyuszczelnien.pl\/en\/uszczelnienia-gumowe-tworzywowe-i-silikonowe-wycinane-laserowo\/","name":"Uszczelnienia gumowe, tworzywowe i silikonowe wycinane laserowo - Forest systemy uszczelnie\u0144 sp. z o.o.","isPartOf":{"@id":"https:\/\/forestsystemyuszczelnien.pl\/en\/#website"},"datePublished":"2017-10-08T16:43:10+00:00","breadcrumb":{"@id":"https:\/\/forestsystemyuszczelnien.pl\/en\/uszczelnienia-gumowe-tworzywowe-i-silikonowe-wycinane-laserowo\/#breadcrumb"},"inLanguage":"en-US","potentialAction":[{"@type":"ReadAction","target":[["https:\/\/forestsystemyuszczelnien.pl\/en\/uszczelnienia-gumowe-tworzywowe-i-silikonowe-wycinane-laserowo\/"]]}]},{"@type":"BreadcrumbList","@id":"https:\/\/forestsystemyuszczelnien.pl\/en\/uszczelnienia-gumowe-tworzywowe-i-silikonowe-wycinane-laserowo\/#breadcrumb","itemListElement":[{"@type":"ListItem","position":1,"name":"Strona g\u0142\u00f3wna","item":"https:\/\/forestsystemyuszczelnien.pl\/en\/"},{"@type":"ListItem","position":2,"name":"Uszczelnienia gumowe, tworzywowe i silikonowe wycinane laserowo"}]},{"@type":"WebSite","@id":"https:\/\/forestsystemyuszczelnien.pl\/en\/#website","url":"https:\/\/forestsystemyuszczelnien.pl\/en\/","name":"Forest systemy uszczelnie\u0144 sp. z o.o.","description":"Sealing systems","publisher":{"@id":"https:\/\/forestsystemyuszczelnien.pl\/en\/#organization"},"potentialAction":[{"@type":"SearchAction","target":{"@type":"EntryPoint","urlTemplate":"https:\/\/forestsystemyuszczelnien.pl\/en\/?s={search_term_string}"},"query-input":{"@type":"PropertyValueSpecification","valueRequired":true,"valueName":"search_term_string"}}],"inLanguage":"en-US"},{"@type":"Organization","@id":"https:\/\/forestsystemyuszczelnien.pl\/en\/#organization","name":"Forest-SC","url":"https:\/\/forestsystemyuszczelnien.pl\/en\/","logo":{"@type":"ImageObject","inLanguage":"en-US","@id":"https:\/\/forestsystemyuszczelnien.pl\/en\/#\/schema\/logo\/image\/","url":"http:\/\/forest-sc.pl\/wp-content\/uploads\/2017\/09\/logo.png","contentUrl":"http:\/\/forest-sc.pl\/wp-content\/uploads\/2017\/09\/logo.png","width":160,"height":36,"caption":"Forest-SC"},"image":{"@id":"https:\/\/forestsystemyuszczelnien.pl\/en\/#\/schema\/logo\/image\/"}}]}},"_links":{"self":[{"href":"https:\/\/forestsystemyuszczelnien.pl\/en\/wp-json\/wp\/v2\/pages\/1520","targetHints":{"allow":["GET"]}}],"collection":[{"href":"https:\/\/forestsystemyuszczelnien.pl\/en\/wp-json\/wp\/v2\/pages"}],"about":[{"href":"https:\/\/forestsystemyuszczelnien.pl\/en\/wp-json\/wp\/v2\/types\/page"}],"author":[{"embeddable":true,"href":"https:\/\/forestsystemyuszczelnien.pl\/en\/wp-json\/wp\/v2\/users\/3"}],"replies":[{"embeddable":true,"href":"https:\/\/forestsystemyuszczelnien.pl\/en\/wp-json\/wp\/v2\/comments?post=1520"}],"version-history":[{"count":1,"href":"https:\/\/forestsystemyuszczelnien.pl\/en\/wp-json\/wp\/v2\/pages\/1520\/revisions"}],"predecessor-version":[{"id":1521,"href":"https:\/\/forestsystemyuszczelnien.pl\/en\/wp-json\/wp\/v2\/pages\/1520\/revisions\/1521"}],"wp:attachment":[{"href":"https:\/\/forestsystemyuszczelnien.pl\/en\/wp-json\/wp\/v2\/media?parent=1520"}],"curies":[{"name":"wp","href":"https:\/\/api.w.org\/{rel}","templated":true}]}}