{"id":1523,"date":"2017-10-08T16:44:59","date_gmt":"2017-10-08T16:44:59","guid":{"rendered":"http:\/\/fsc.kam-it.pl\/?page_id=1523"},"modified":"2017-10-13T10:27:56","modified_gmt":"2017-10-13T10:27:56","slug":"uszczelnienia-gumowe-z-warstwa-butylowa","status":"publish","type":"page","link":"https:\/\/forestsystemyuszczelnien.pl\/en\/uszczelnienia-gumowe-z-warstwa-butylowa\/","title":{"rendered":"Uszczelnienia gumowe z warstw\u0105 butylow\u0105"},"content":{"rendered":"<article style=\"display: none;\">\n<h2>Uszczelnienia gumowe<\/h2>\n<p>Uszczelnienia gumowe<\/p>\n<p>Uszczelnienia gumowe. Sprawd\u017a. \u015awiadczenie us\u0142ug to jedna z naszych ga\u0142\u0119zi. Sprawd\u017a. \u015awiadczenie us\u0142ug to jedna z naszych ga\u0142\u0119zi. Sprawd\u017a. \u015awiadczenie us\u0142ug to jedna z naszych ga\u0142\u0119zi. Sprawd\u017a. \u015awiadczenie us\u0142ug to jedna z naszych ga\u0142\u0119zi. Sprawd\u017a. \u015awiadczenie us\u0142ug to jedna z naszych ga\u0142\u0119zi. Sprawd\u017a. \u015awiadczenie us\u0142ug to jedna z naszych ga\u0142\u0119zi. Sprawd\u017a. \u015awiadczenie us\u0142ug to jedna z naszych ga\u0142\u0119zi. Sprawd\u017a. \u015awiadczenie us\u0142ug to jedna z naszych ga\u0142\u0119zi. Sprawd\u017a. \u015awiadczenie us\u0142ug to jedna z naszych ga\u0142\u0119zi. Sprawd\u017a. \u015awiadczenie us\u0142ug to jedna z naszych ga\u0142\u0119zi. Sprawd\u017a.<\/p>\n<p>\u015awiadczenie us\u0142ug to jedna z naszych ga\u0142\u0119zi. Sprawd\u017a. \u015awiadczenie us\u0142ug to jedna z naszych ga\u0142\u0119zi. Sprawd\u017a. \u015awiadczenie us\u0142ug to jedna z naszych ga\u0142\u0119zi. Sprawd\u017a. \u015awiadczenie us\u0142ug to jedna z naszych ga\u0142\u0119zi. Sprawd\u017a. \u015awiadczenie us\u0142ug to jedna z naszych ga\u0142\u0119zi. Sprawd\u017a. \u015awiadczenie us\u0142ug to jedna z naszych ga\u0142\u0119zi. Sprawd\u017a. \u015awiadczenie us\u0142ug to jedna z naszych ga\u0142\u0119zi. Sprawd\u017a. \u015awiadczenie us\u0142ug to jedna z naszych ga\u0142\u0119zi. Sprawd\u017a. \u015awiadczenie us\u0142ug to jedna z naszych ga\u0142\u0119zi. Sprawd\u017a. \u015awiadczenie us\u0142ug to jedna z naszych ga\u0142\u0119zi. Sprawd\u017a. \u015awiadczenie us\u0142ug to jedna z naszych ga\u0142\u0119zi. Sprawd\u017a.<\/p>\n<h2>Uszczelnienia gumowe<\/h2>\n<p>\u015awiadczenie us\u0142ug to jedna z naszych ga\u0142\u0119zi. Sprawd\u017a. \u015awiadczenie us\u0142ug to jedna z naszych ga\u0142\u0119zi. Sprawd\u017a. \u015awiadczenie us\u0142ug to jedna z naszych ga\u0142\u0119zi. Sprawd\u017a. \u015awiadczenie us\u0142ug to jedna z naszych ga\u0142\u0119zi. Sprawd\u017a. \u015awiadczenie us\u0142ug to jedna z naszych ga\u0142\u0119zi. Sprawd\u017a. \u015awiadczenie us\u0142ug to jedna z naszych ga\u0142\u0119zi. Sprawd\u017a. \u015awiadczenie us\u0142ug to jedna z naszych ga\u0142\u0119zi. Sprawd\u017a. \u015awiadczenie us\u0142ug to jedna z naszych ga\u0142\u0119zi. Sprawd\u017a. \u015awiadczenie us\u0142ug to jedna z naszych ga\u0142\u0119zi. Sprawd\u017a. \u015awiadczenie us\u0142ug to jedna z naszych ga\u0142\u0119zi. Sprawd\u017a. \u015awiadczenie us\u0142ug to jedna z naszych ga\u0142\u0119zi. Sprawd\u017a.<\/p>\n<p>\u015awiadczenie us\u0142ug to jedna z naszych ga\u0142\u0119zi. Sprawd\u017a. \u015awiadczenie us\u0142ug to jedna z naszych ga\u0142\u0119zi. Sprawd\u017a. \u015awiadczenie us\u0142ug to jedna z naszych ga\u0142\u0119zi. Sprawd\u017a. \u015awiadczenie us\u0142ug to jedna z naszych ga\u0142\u0119zi. Sprawd\u017a. \u015awiadczenie us\u0142ug to jedna z naszych ga\u0142\u0119zi. Sprawd\u017a. \u015awiadczenie us\u0142ug to jedna z naszych ga\u0142\u0119zi. Sprawd\u017a. \u015awiadczenie us\u0142ug to jedna z naszych ga\u0142\u0119zi. Sprawd\u017a. \u015awiadczenie us\u0142ug to jedna z naszych ga\u0142\u0119zi. Sprawd\u017a. \u015awiadczenie us\u0142ug to jedna z naszych ga\u0142\u0119zi. Sprawd\u017a. \u015awiadczenie us\u0142ug to jedna z naszych ga\u0142\u0119zi. Sprawd\u017a. \u015awiadczenie us\u0142ug to jedna z naszych ga\u0142\u0119zi. Sprawd\u017a.<\/p>\n<\/article>\n<p style=\"text-align: justify;\">Nanosimy butyl na fartuchy EPDM stanowi\u0105ce uszczelnienie dylatacyjne lub na arkusze gumowe EPDM stanowi\u0105ce ko\u0142nierze izolacyjne. Mo\u017cemy nanosi\u0107 butyl zar\u00f3wno w postaci ta\u015bmy o szeroko\u015bci 15mm do 50mm jak r\u00f3wnie\u017c w postaci pas\u00f3w 150mm, 290mm oraz 400mm. Na zam\u00f3wienie klienta mo\u017cemy wykona\u0107 arkusze EPDM z warstw\u0105 butylow\u0105 o maksymalnej szeroko\u015bci do 1700mm.<\/p>\n<p><a href=\"http:\/\/forest-sc.pl\/wp-content\/uploads\/2017\/09\/3.jpg\"><img fetchpriority=\"high\" decoding=\"async\" class=\"aligncenter wp-image-1303 size-large\" src=\"http:\/\/forest-sc.pl\/wp-content\/uploads\/2017\/09\/3-1024x755.jpg\" alt=\"Uszczelnienia gumowe z warstwa butylow\u0105.\" width=\"800\" height=\"590\" srcset=\"https:\/\/forestsystemyuszczelnien.pl\/wp-content\/uploads\/2017\/09\/3-1024x755.jpg 1024w, https:\/\/forestsystemyuszczelnien.pl\/wp-content\/uploads\/2017\/09\/3-300x221.jpg 300w, https:\/\/forestsystemyuszczelnien.pl\/wp-content\/uploads\/2017\/09\/3-768x566.jpg 768w\" sizes=\"(max-width: 800px) 100vw, 800px\" \/><\/a><\/p>\n","protected":false},"excerpt":{"rendered":"<p>Uszczelnienia gumowe Uszczelnienia gumowe Uszczelnienia gumowe. Sprawd\u017a. \u015awiadczenie us\u0142ug to jedna z naszych ga\u0142\u0119zi. Sprawd\u017a. \u015awiadczenie us\u0142ug to jedna z naszych ga\u0142\u0119zi. Sprawd\u017a. \u015awiadczenie us\u0142ug to jedna z naszych ga\u0142\u0119zi. &#8230;<\/p>\n","protected":false},"author":3,"featured_media":0,"parent":0,"menu_order":0,"comment_status":"closed","ping_status":"closed","template":"","meta":{"footnotes":""},"class_list":["post-1523","page","type-page","status-publish","hentry"],"yoast_head":"<!-- This site is optimized with the Yoast SEO plugin v27.3 - https:\/\/yoast.com\/product\/yoast-seo-wordpress\/ -->\n<title>Uszczelnienia gumowe z warstw\u0105 butylow\u0105 - Forest systemy uszczelnie\u0144 sp. z o.o.<\/title>\n<meta name=\"description\" content=\"Oferujemy uszczelnienia gumowe z warstw\u0105 butylow\u0105. Mo\u017cemy nanosi\u0107 butyl zar\u00f3wno w postaci ta\u015bmy jak i pas\u00f3w o r\u00f3\u017cnych szeroko\u015bciach.\" \/>\n<meta name=\"robots\" content=\"index, follow, max-snippet:-1, max-image-preview:large, max-video-preview:-1\" \/>\n<link rel=\"canonical\" href=\"https:\/\/forestsystemyuszczelnien.pl\/en\/uszczelnienia-gumowe-z-warstwa-butylowa\/\" \/>\n<meta property=\"og:locale\" content=\"en_US\" \/>\n<meta property=\"og:type\" content=\"article\" \/>\n<meta property=\"og:title\" content=\"Uszczelnienia gumowe z warstw\u0105 butylow\u0105 - Forest systemy uszczelnie\u0144 sp. z o.o.\" \/>\n<meta property=\"og:description\" content=\"Oferujemy uszczelnienia gumowe z warstw\u0105 butylow\u0105. Mo\u017cemy nanosi\u0107 butyl zar\u00f3wno w postaci ta\u015bmy jak i pas\u00f3w o r\u00f3\u017cnych szeroko\u015bciach.\" \/>\n<meta property=\"og:url\" content=\"https:\/\/forestsystemyuszczelnien.pl\/en\/uszczelnienia-gumowe-z-warstwa-butylowa\/\" \/>\n<meta property=\"og:site_name\" content=\"Forest systemy uszczelnie\u0144 sp. z o.o.\" \/>\n<meta property=\"article:modified_time\" content=\"2017-10-13T10:27:56+00:00\" \/>\n<meta property=\"og:image\" content=\"http:\/\/forest-sc.pl\/wp-content\/uploads\/2017\/09\/3-1024x755.jpg\" \/>\n<meta name=\"twitter:card\" content=\"summary_large_image\" \/>\n<meta name=\"twitter:label1\" content=\"Est. reading time\" \/>\n\t<meta name=\"twitter:data1\" content=\"3 minutes\" \/>\n<script type=\"application\/ld+json\" class=\"yoast-schema-graph\">{\"@context\":\"https:\\\/\\\/schema.org\",\"@graph\":[{\"@type\":\"WebPage\",\"@id\":\"https:\\\/\\\/forestsystemyuszczelnien.pl\\\/en\\\/uszczelnienia-gumowe-z-warstwa-butylowa\\\/\",\"url\":\"https:\\\/\\\/forestsystemyuszczelnien.pl\\\/en\\\/uszczelnienia-gumowe-z-warstwa-butylowa\\\/\",\"name\":\"Uszczelnienia gumowe z warstw\u0105 butylow\u0105 - Forest systemy uszczelnie\u0144 sp. z o.o.\",\"isPartOf\":{\"@id\":\"https:\\\/\\\/forestsystemyuszczelnien.pl\\\/en\\\/#website\"},\"primaryImageOfPage\":{\"@id\":\"https:\\\/\\\/forestsystemyuszczelnien.pl\\\/en\\\/uszczelnienia-gumowe-z-warstwa-butylowa\\\/#primaryimage\"},\"image\":{\"@id\":\"https:\\\/\\\/forestsystemyuszczelnien.pl\\\/en\\\/uszczelnienia-gumowe-z-warstwa-butylowa\\\/#primaryimage\"},\"thumbnailUrl\":\"http:\\\/\\\/forest-sc.pl\\\/wp-content\\\/uploads\\\/2017\\\/09\\\/3-1024x755.jpg\",\"datePublished\":\"2017-10-08T16:44:59+00:00\",\"dateModified\":\"2017-10-13T10:27:56+00:00\",\"description\":\"Oferujemy uszczelnienia gumowe z warstw\u0105 butylow\u0105. Mo\u017cemy nanosi\u0107 butyl zar\u00f3wno w postaci ta\u015bmy jak i pas\u00f3w o r\u00f3\u017cnych szeroko\u015bciach.\",\"breadcrumb\":{\"@id\":\"https:\\\/\\\/forestsystemyuszczelnien.pl\\\/en\\\/uszczelnienia-gumowe-z-warstwa-butylowa\\\/#breadcrumb\"},\"inLanguage\":\"en-US\",\"potentialAction\":[{\"@type\":\"ReadAction\",\"target\":[[\"https:\\\/\\\/forestsystemyuszczelnien.pl\\\/en\\\/uszczelnienia-gumowe-z-warstwa-butylowa\\\/\"]]}]},{\"@type\":\"ImageObject\",\"inLanguage\":\"en-US\",\"@id\":\"https:\\\/\\\/forestsystemyuszczelnien.pl\\\/en\\\/uszczelnienia-gumowe-z-warstwa-butylowa\\\/#primaryimage\",\"url\":\"http:\\\/\\\/forest-sc.pl\\\/wp-content\\\/uploads\\\/2017\\\/09\\\/3-1024x755.jpg\",\"contentUrl\":\"http:\\\/\\\/forest-sc.pl\\\/wp-content\\\/uploads\\\/2017\\\/09\\\/3-1024x755.jpg\"},{\"@type\":\"BreadcrumbList\",\"@id\":\"https:\\\/\\\/forestsystemyuszczelnien.pl\\\/en\\\/uszczelnienia-gumowe-z-warstwa-butylowa\\\/#breadcrumb\",\"itemListElement\":[{\"@type\":\"ListItem\",\"position\":1,\"name\":\"Strona g\u0142\u00f3wna\",\"item\":\"https:\\\/\\\/forestsystemyuszczelnien.pl\\\/en\\\/\"},{\"@type\":\"ListItem\",\"position\":2,\"name\":\"Uszczelnienia gumowe z warstw\u0105 butylow\u0105\"}]},{\"@type\":\"WebSite\",\"@id\":\"https:\\\/\\\/forestsystemyuszczelnien.pl\\\/en\\\/#website\",\"url\":\"https:\\\/\\\/forestsystemyuszczelnien.pl\\\/en\\\/\",\"name\":\"Forest systemy uszczelnie\u0144 sp. z o.o.\",\"description\":\"Sealing systems\",\"publisher\":{\"@id\":\"https:\\\/\\\/forestsystemyuszczelnien.pl\\\/en\\\/#organization\"},\"potentialAction\":[{\"@type\":\"SearchAction\",\"target\":{\"@type\":\"EntryPoint\",\"urlTemplate\":\"https:\\\/\\\/forestsystemyuszczelnien.pl\\\/en\\\/?s={search_term_string}\"},\"query-input\":{\"@type\":\"PropertyValueSpecification\",\"valueRequired\":true,\"valueName\":\"search_term_string\"}}],\"inLanguage\":\"en-US\"},{\"@type\":\"Organization\",\"@id\":\"https:\\\/\\\/forestsystemyuszczelnien.pl\\\/en\\\/#organization\",\"name\":\"Forest-SC\",\"url\":\"https:\\\/\\\/forestsystemyuszczelnien.pl\\\/en\\\/\",\"logo\":{\"@type\":\"ImageObject\",\"inLanguage\":\"en-US\",\"@id\":\"https:\\\/\\\/forestsystemyuszczelnien.pl\\\/en\\\/#\\\/schema\\\/logo\\\/image\\\/\",\"url\":\"http:\\\/\\\/forest-sc.pl\\\/wp-content\\\/uploads\\\/2017\\\/09\\\/logo.png\",\"contentUrl\":\"http:\\\/\\\/forest-sc.pl\\\/wp-content\\\/uploads\\\/2017\\\/09\\\/logo.png\",\"width\":160,\"height\":36,\"caption\":\"Forest-SC\"},\"image\":{\"@id\":\"https:\\\/\\\/forestsystemyuszczelnien.pl\\\/en\\\/#\\\/schema\\\/logo\\\/image\\\/\"}}]}<\/script>\n<!-- \/ Yoast SEO plugin. -->","yoast_head_json":{"title":"Uszczelnienia gumowe z warstw\u0105 butylow\u0105 - Forest systemy uszczelnie\u0144 sp. z o.o.","description":"Oferujemy uszczelnienia gumowe z warstw\u0105 butylow\u0105. Mo\u017cemy nanosi\u0107 butyl zar\u00f3wno w postaci ta\u015bmy jak i pas\u00f3w o r\u00f3\u017cnych szeroko\u015bciach.","robots":{"index":"index","follow":"follow","max-snippet":"max-snippet:-1","max-image-preview":"max-image-preview:large","max-video-preview":"max-video-preview:-1"},"canonical":"https:\/\/forestsystemyuszczelnien.pl\/en\/uszczelnienia-gumowe-z-warstwa-butylowa\/","og_locale":"en_US","og_type":"article","og_title":"Uszczelnienia gumowe z warstw\u0105 butylow\u0105 - Forest systemy uszczelnie\u0144 sp. z o.o.","og_description":"Oferujemy uszczelnienia gumowe z warstw\u0105 butylow\u0105. Mo\u017cemy nanosi\u0107 butyl zar\u00f3wno w postaci ta\u015bmy jak i pas\u00f3w o r\u00f3\u017cnych szeroko\u015bciach.","og_url":"https:\/\/forestsystemyuszczelnien.pl\/en\/uszczelnienia-gumowe-z-warstwa-butylowa\/","og_site_name":"Forest systemy uszczelnie\u0144 sp. z o.o.","article_modified_time":"2017-10-13T10:27:56+00:00","og_image":[{"url":"http:\/\/forest-sc.pl\/wp-content\/uploads\/2017\/09\/3-1024x755.jpg","type":"","width":"","height":""}],"twitter_card":"summary_large_image","twitter_misc":{"Est. reading time":"3 minutes"},"schema":{"@context":"https:\/\/schema.org","@graph":[{"@type":"WebPage","@id":"https:\/\/forestsystemyuszczelnien.pl\/en\/uszczelnienia-gumowe-z-warstwa-butylowa\/","url":"https:\/\/forestsystemyuszczelnien.pl\/en\/uszczelnienia-gumowe-z-warstwa-butylowa\/","name":"Uszczelnienia gumowe z warstw\u0105 butylow\u0105 - Forest systemy uszczelnie\u0144 sp. z o.o.","isPartOf":{"@id":"https:\/\/forestsystemyuszczelnien.pl\/en\/#website"},"primaryImageOfPage":{"@id":"https:\/\/forestsystemyuszczelnien.pl\/en\/uszczelnienia-gumowe-z-warstwa-butylowa\/#primaryimage"},"image":{"@id":"https:\/\/forestsystemyuszczelnien.pl\/en\/uszczelnienia-gumowe-z-warstwa-butylowa\/#primaryimage"},"thumbnailUrl":"http:\/\/forest-sc.pl\/wp-content\/uploads\/2017\/09\/3-1024x755.jpg","datePublished":"2017-10-08T16:44:59+00:00","dateModified":"2017-10-13T10:27:56+00:00","description":"Oferujemy uszczelnienia gumowe z warstw\u0105 butylow\u0105. Mo\u017cemy nanosi\u0107 butyl zar\u00f3wno w postaci ta\u015bmy jak i pas\u00f3w o r\u00f3\u017cnych szeroko\u015bciach.","breadcrumb":{"@id":"https:\/\/forestsystemyuszczelnien.pl\/en\/uszczelnienia-gumowe-z-warstwa-butylowa\/#breadcrumb"},"inLanguage":"en-US","potentialAction":[{"@type":"ReadAction","target":[["https:\/\/forestsystemyuszczelnien.pl\/en\/uszczelnienia-gumowe-z-warstwa-butylowa\/"]]}]},{"@type":"ImageObject","inLanguage":"en-US","@id":"https:\/\/forestsystemyuszczelnien.pl\/en\/uszczelnienia-gumowe-z-warstwa-butylowa\/#primaryimage","url":"http:\/\/forest-sc.pl\/wp-content\/uploads\/2017\/09\/3-1024x755.jpg","contentUrl":"http:\/\/forest-sc.pl\/wp-content\/uploads\/2017\/09\/3-1024x755.jpg"},{"@type":"BreadcrumbList","@id":"https:\/\/forestsystemyuszczelnien.pl\/en\/uszczelnienia-gumowe-z-warstwa-butylowa\/#breadcrumb","itemListElement":[{"@type":"ListItem","position":1,"name":"Strona g\u0142\u00f3wna","item":"https:\/\/forestsystemyuszczelnien.pl\/en\/"},{"@type":"ListItem","position":2,"name":"Uszczelnienia gumowe z warstw\u0105 butylow\u0105"}]},{"@type":"WebSite","@id":"https:\/\/forestsystemyuszczelnien.pl\/en\/#website","url":"https:\/\/forestsystemyuszczelnien.pl\/en\/","name":"Forest systemy uszczelnie\u0144 sp. z o.o.","description":"Sealing systems","publisher":{"@id":"https:\/\/forestsystemyuszczelnien.pl\/en\/#organization"},"potentialAction":[{"@type":"SearchAction","target":{"@type":"EntryPoint","urlTemplate":"https:\/\/forestsystemyuszczelnien.pl\/en\/?s={search_term_string}"},"query-input":{"@type":"PropertyValueSpecification","valueRequired":true,"valueName":"search_term_string"}}],"inLanguage":"en-US"},{"@type":"Organization","@id":"https:\/\/forestsystemyuszczelnien.pl\/en\/#organization","name":"Forest-SC","url":"https:\/\/forestsystemyuszczelnien.pl\/en\/","logo":{"@type":"ImageObject","inLanguage":"en-US","@id":"https:\/\/forestsystemyuszczelnien.pl\/en\/#\/schema\/logo\/image\/","url":"http:\/\/forest-sc.pl\/wp-content\/uploads\/2017\/09\/logo.png","contentUrl":"http:\/\/forest-sc.pl\/wp-content\/uploads\/2017\/09\/logo.png","width":160,"height":36,"caption":"Forest-SC"},"image":{"@id":"https:\/\/forestsystemyuszczelnien.pl\/en\/#\/schema\/logo\/image\/"}}]}},"_links":{"self":[{"href":"https:\/\/forestsystemyuszczelnien.pl\/en\/wp-json\/wp\/v2\/pages\/1523","targetHints":{"allow":["GET"]}}],"collection":[{"href":"https:\/\/forestsystemyuszczelnien.pl\/en\/wp-json\/wp\/v2\/pages"}],"about":[{"href":"https:\/\/forestsystemyuszczelnien.pl\/en\/wp-json\/wp\/v2\/types\/page"}],"author":[{"embeddable":true,"href":"https:\/\/forestsystemyuszczelnien.pl\/en\/wp-json\/wp\/v2\/users\/3"}],"replies":[{"embeddable":true,"href":"https:\/\/forestsystemyuszczelnien.pl\/en\/wp-json\/wp\/v2\/comments?post=1523"}],"version-history":[{"count":4,"href":"https:\/\/forestsystemyuszczelnien.pl\/en\/wp-json\/wp\/v2\/pages\/1523\/revisions"}],"predecessor-version":[{"id":1572,"href":"https:\/\/forestsystemyuszczelnien.pl\/en\/wp-json\/wp\/v2\/pages\/1523\/revisions\/1572"}],"wp:attachment":[{"href":"https:\/\/forestsystemyuszczelnien.pl\/en\/wp-json\/wp\/v2\/media?parent=1523"}],"curies":[{"name":"wp","href":"https:\/\/api.w.org\/{rel}","templated":true}]}}